{"id":17493,"date":"2021-07-20T19:07:55","date_gmt":"2021-07-20T17:07:55","guid":{"rendered":"https:\/\/lacoupole-france.com\/?page_id=17493"},"modified":"2023-06-21T10:56:23","modified_gmt":"2023-06-21T08:56:23","slug":"sponsors","status":"publish","type":"page","link":"https:\/\/lacoupole-france.com\/en\/our-partners\/sponsors\/","title":{"rendered":"SPONSORS"},"content":{"rendered":"\r\n    \r\n    <section class=\"header-content mb-5\" style=\"background-image: url('https:\/\/lacoupole-france.com\/wp-content\/uploads\/2022\/03\/header-scaled.jpg');\">\r\n\r\n                    <div class=\"title-main \">\r\n                <h1 class=\"title1\">SPONSORS<\/h1>\r\n                            <\/div>\r\n        \r\n\r\n        \r\n        \r\n            <\/section>\r\n\r\n\n\n\r\n    \r\n\r\n\r\n            <section class=\"bloc-contenu-image right\">\r\n            <div class=\"container\">\r\n\r\n                                    <div class=\"row zone-image\">\r\n                        <div class=\"col-lg-7\">\r\n                            <div class=\"img-mise-en-avant\" style=\"background-image:url(https:\/\/lacoupole-france.com\/wp-content\/uploads\/2022\/03\/livredes9000.jpg)\"><\/div>\r\n                                                                            <\/div>\r\n                        <div class=\"col-lg-5\">\r\n\r\n                            \r\n                                                            <div class=\"paragraphe\" style='margin-top:40px'>\r\n                                    <h2><strong>Mission of remembrance<\/strong><\/h2>\n<p style=\"text-align: left;\"><span style=\"font-weight: 400;\">Via the content of our exhibitions, establishing a collection of archives (part of which can be consulted in our Resource Centre), holding colloquia and putting on temporary exhibitions are all part of this mission.<\/span><\/p>\n<p style=\"text-align: left;\"><i><span style=\"font-weight: 400;\">La Coupole<\/span><\/i><span style=\"font-weight: 400;\"> was also behind the <\/span><i><span style=\"font-weight: 400;\">Livre des 9 000 d\u00e9port\u00e9s de France \u00e0 Mittelbau-Dora<\/span><\/i><span style=\"font-weight: 400;\"> (Book of the 9,000 deportees to Mittelbau-Dora from France), published by Cherche Midi. This work, the fruit of two decades of research, sets down on paper a significant part of the history of the Deportations from the Nord-Pas de Calais.<\/span><\/p>\n<p>&nbsp;<\/p>\n<h2><strong>Mission to spread scientific knowledge<\/strong><\/h2>\n<p style=\"text-align: left;\"><span style=\"font-weight: 400;\">Via the 3D Planetarium, our exhibitions and events revolving around space travel and the Universe.<\/span><\/p>\n                                <\/div>\r\n                                                            \r\n\r\n                        <\/div>\r\n                                            <\/div>\r\n\r\n        <\/section>\r\n    \r\n\n\n\r\n    \r\n\r\n\r\n            <section class=\"bloc-contenu-image left\">\r\n            <div class=\"container\">\r\n                                    <div class=\"row zone-image\">\r\n                        <div class=\"col-lg-5 zone-image__col\">\r\n                            \r\n                                                            <div class=\"paragraphe\" style='margin-top:40px'>\r\n                                    <h2><strong>Mission of education<\/strong><\/h2>\n<p style=\"text-align: left;\"><span style=\"font-weight: 400;\">Combining the disciplines of History and Science, each year our education department concocts a range of activities for schools and teachers. <\/span><i><span style=\"font-weight: 400;\">La Coupole<\/span><\/i><span style=\"font-weight: 400;\"> is a favourite destination for schools in the Hauts-de-France region, and is visited each year by thousands of schoolchildren from the region and further afield.<\/span><\/p>\n<p>&nbsp;<\/p>\n<h2><strong>Mission to foster good citizenship<\/strong><\/h2>\n<p style=\"text-align: left;\"><span style=\"font-weight: 400;\">By upholding some basic values for maintaining social harmony, <\/span><i><span style=\"font-weight: 400;\">La Coupole<\/span><\/i><span style=\"font-weight: 400;\"> strives to defend the principles of democracy and the Republic, embodied in its \u201cCentre for Information and Awareness Raising in Education and Good Citizenship\u201d.<\/span><\/p>\n                                                                    <\/div>\r\n                            \r\n                        <\/div>\r\n                        <div class=\"col-lg-7\">\r\n                                                            <div class=\"img-mise-en-avant\" style=\"background-image:url(https:\/\/lacoupole-france.com\/wp-content\/uploads\/2022\/03\/atelierlacoupole.jpg)\"><\/div>\r\n                                                                                    <\/div>\r\n                    <\/div>\r\n                \r\n                \r\n            <\/div>\r\n        <\/section>\r\n    \r\n\n\n\n<div style=\"height:21px\" aria-hidden=\"true\" class=\"wp-block-spacer\"><\/div>\n\n\n\n    <section class=\"bloc-contenu-sous-slider\">\n        <div class=\"container\">\n            <div class=\"row-container\">\n                                        <div class=\"col-lg-12\">\n                                                <div class=\"information-content\">\n                                                            <p><h2 style=\"text-align: left;\"><strong>Orientations<\/strong><\/h2>\n<p style=\"text-align: left;\"><span style=\"font-weight: 400;\">In accordance with its missions, <\/span><i><span style=\"font-weight: 400;\">La Coupole<\/span><\/i><span style=\"font-weight: 400;\"> seeks to initiate actions for the development of partnerships with structures that share the same values.<\/span><\/p>\n<h2 style=\"text-align: left;\"><strong>Goals<\/strong><\/h2>\n<ul>\n<li style=\"text-align: left;\"><span style=\"font-weight: 400;\">Support <\/span><i><span style=\"font-weight: 400;\">La Coupole<\/span><\/i><span style=\"font-weight: 400;\"> in its general organisation and specific missions <\/span><\/li>\n<li style=\"text-align: left;\">Contribute to enriching our museum<\/li>\n<li style=\"text-align: left;\">Uphold and share our values<\/li>\n<li style=\"text-align: left;\">Give meaning to your commitment to society and to the community<\/li>\n<li style=\"text-align: left;\">Link your company name to an exceptional cultural and remembrance site<\/li>\n<\/ul>\n<\/p>\n                                                    <\/div>\n                        <\/div>\n                                            <\/div>\n            <\/div>\n    <\/section>\n\n\n\n\n<div style=\"height:30px\" aria-hidden=\"true\" class=\"wp-block-spacer\"><\/div>\n\n\n\n    <section class=\"bloc-contenu-orange\">\n        <div class=\"container\">\n            <div class=\"row\">\n                <div class=\"bloc-orange w-100\">\n\n                    <h2 style=\"text-align: center;\"><strong>Examples of projects supported by our sponsors<\/strong><\/h2>\n<ul>\n<li style=\"text-align: center;\">Biographic directory of Nord\u2013Pas-de-Calais resistance members<\/li>\n<li style=\"text-align: center;\"><span style=\"font-weight: 400;\"> Acquisition of items for our permanent collection<\/span><\/li>\n<li style=\"text-align: center;\"><span style=\"font-weight: 400;\"> Digital enhancement of the museum<\/span><\/li>\n<li style=\"text-align: center;\"><span style=\"font-weight: 400;\"> Contributing to future temporary exhibitions<\/span><\/li>\n<\/ul>\n\n                <\/div>\n            <\/div>\n        <\/div>\n    <\/section>\n\n\n\n<div style=\"height:42px\" aria-hidden=\"true\" class=\"wp-block-spacer\"><\/div>\n\n\n<div class=\"wp-block-image is-style-default\">\n<figure class=\"aligncenter size-full\"><img decoding=\"async\" width=\"1024\" height=\"456\" src=\"https:\/\/lacoupole-france.com\/wp-content\/uploads\/2022\/05\/v1_2022_2.png\" alt=\"\" class=\"wp-image-8758\" srcset=\"https:\/\/lacoupole-france.com\/wp-content\/uploads\/2022\/05\/v1_2022_2.png 1024w, https:\/\/lacoupole-france.com\/wp-content\/uploads\/2022\/05\/v1_2022_2-300x134.png 300w, https:\/\/lacoupole-france.com\/wp-content\/uploads\/2022\/05\/v1_2022_2-768x342.png 768w, https:\/\/lacoupole-france.com\/wp-content\/uploads\/2022\/05\/v1_2022_2-600x267.png 600w\" sizes=\"(max-width: 1024px) 100vw, 1024px\" \/><figcaption class=\"wp-element-caption\"><em>Thanks to our sponsors, we were able to add an authentic V1 rocket to the exhibits in our History Centre, to commemorate its 25th anniversary<\/em><\/figcaption><\/figure>\n<\/div>\n\n\n    <section class=\"bloc-contenu-orange\">\n        <div class=\"container\">\n            <div class=\"row\">\n                <div class=\"bloc-orange w-100\">\n\n                    <p><span style=\"font-weight: 400;\">You can support the V1 acquisition and restoration project by making an <strong>online donation<\/strong> on the <\/span><i><span style=\"font-weight: 400;\">Fondation du Patrimoine<\/span><\/i><span style=\"font-weight: 400;\"> website <strong><a href=\"https:\/\/www.fondation-patrimoine.org\/les-projets\/missile-v1-la-coupole-wizernes\">here<\/a>.<\/strong><\/span><\/p>\n\n                <\/div>\n            <\/div>\n        <\/div>\n    <\/section>\n\n\n\n<div style=\"height:22px\" aria-hidden=\"true\" class=\"wp-block-spacer\"><\/div>\n\n\n\n    <section class=\"bloc-contenu-sous-slider\">\n        <div class=\"container\">\n            <div class=\"row-container\">\n                                        <div class=\"col-lg-12\">\n                                                <div class=\"information-content\">\n                                                            <p><h2 style=\"text-align: left;\"><strong>Sponsorship benefits<\/strong><\/h2>\n<h3 style=\"text-align: left;\"><strong>Priority access to our facilities and events<\/strong><\/h3>\n<ul style=\"text-align: left;\">\n<li><span style=\"font-weight: 400;\">Private tours of the History Centre<\/span><\/li>\n<li>Behind-the-scenes tours<\/li>\n<li>Planetarium projections (current films and previews)<\/li>\n<li>Invitations to all our events (opening nights, conferences, shows, etc.)<\/li>\n<li>Private use of our reception areas for your business events<\/li>\n<li>Special rates for your employees<\/li>\n<\/ul>\n<h3 style=\"text-align: left;\"><strong>Far-reaching publicity for your business<\/strong><\/h3>\n<p style=\"text-align: left;\"><span style=\"font-weight: 400;\">Your company name will be promoted in our various media communications, such as our website, social networks, and schedules of activities, as well as within our organisation. It is worth mentioning that <\/span><i><span style=\"font-weight: 400;\">La Coupole<\/span><\/i><span style=\"font-weight: 400;\"> attracts over 140,000 visitors each year.<\/span><\/p>\n<p style=\"text-align: left;\">You would also benefit from exposure at events for which specific promotional media is produced.<\/p>\n<\/p>\n                                                    <\/div>\n                        <\/div>\n                                            <\/div>\n            <\/div>\n    <\/section>\n\n\n\n\n<div style=\"height:30px\" aria-hidden=\"true\" class=\"wp-block-spacer\"><\/div>\n\n\n\n    <section class=\"bloc-contenu-sous-slider\">\n        <div class=\"container\">\n            <div class=\"row-container\">\n                                        <div class=\"col-lg-12\">\n                                                <div class=\"information-content\">\n                                                            <p><h2 style=\"text-align: left;\"><strong>Join our current sponsors<\/strong><\/h2>\n<ul>\n<li style=\"text-align: left;\"><strong><i>La Fondation du Cr\u00e9dit Agricole Hauts-de-France<\/i><\/strong><span style=\"font-weight: 400;\"> and <\/span><a href=\"https:\/\/fondation-ca-paysdefrance.org\/\"><strong><i>La Fondation du Cr\u00e9dit Agricole Pays de France<\/i><\/strong><\/a><span style=\"font-weight: 400;\"> are working with us on a project to develop augmented reality tablets<\/span><\/li>\n<li style=\"text-align: left;\"><a href=\"https:\/\/www.la-france-mutualiste.fr\/qui-sommes-nous\/la-fondation-dentreprise-de-la-france-mutualiste\"><strong><i>La Fondation d\u2019Entreprise de la France Mutualiste<\/i><\/strong><\/a> and <strong><i>La Compagnie Fran\u00e7aise de Chaudronnerie<\/i><\/strong> for the acquisition, transport and installation of a real V1 rocket under the dome of <i>La Coupole<\/i><\/li>\n<li style=\"text-align: left;\"><strong><i>Sony<\/i><\/strong>, who is supporting our acquisition of new screens displaying information about the 3D Planetarium<\/li>\n<li style=\"text-align: left;\"><a href=\"https:\/\/www.lisez.com\/cherche-midi\/33\"><strong><i>Cherche Midi<\/i><\/strong><\/a> who has published our <i>Livre des 9 000 d\u00e9port\u00e9s de France \u00e0 Mittelbau-Dora<\/i><\/li>\n<\/ul>\n<\/p>\n                                                    <\/div>\n                        <\/div>\n                                            <\/div>\n            <\/div>\n    <\/section>\n\n\n\n\n<div style=\"height:25px\" aria-hidden=\"true\" class=\"wp-block-spacer\"><\/div>\n\n\n\n    <section class=\"bloc-contenu-orange\">\n        <div class=\"container\">\n            <div class=\"row\">\n                <div class=\"bloc-orange w-100\">\n\n                    <h2 style=\"text-align: center;\"><strong>CONTACT<\/strong><\/h2>\n<p style=\"text-align: center;\"><i><span style=\"font-weight: 400;\">Mission M\u00e9c\u00e9nat-Partenariats<\/span><\/i><span style=\"font-weight: 400;\"> (sponsors and patrons department) of the <\/span><i><span style=\"font-weight: 400;\">Conseil d\u00e9partemental du Pas-de-Calais<\/span><\/i><\/p>\n<p style=\"text-align: center;\">Nathalie B\u00e9d\u00e8ne \u2013 E-mail : <a href=\"mailto:bedene.nathalie@pasdecalais.fr\">bedene.nathalie@pasdecalais.fr<\/a> \/ T\u00e9l : <a href=\"tel:0321122739\">+33 (0)3 21 21 69 49<\/a><br \/>\nG\u00e9raldine Bayarri \u2013 E-mail : <a href=\"mailto:bayarri.geraldine@pasdecalais.fr\">bayarri.geraldine@pasdecalais.fr<\/a> \/ T\u00e9l : <a href=\"tel:0321122739\">+33 (0)3 21 21 92 43<\/a><\/p>\n<p style=\"text-align: center;\"><span style=\"font-weight: 400;\">Find out more about becoming a sponsor <a href=\"https:\/\/www.pasdecalais.fr\/Attractivite-du-territoire\/Devenez-mecene-ou-partenaire\"><strong>here<\/strong><\/a><\/span><\/p>\n\n                <\/div>\n            <\/div>\n        <\/div>\n    <\/section>\n","protected":false},"excerpt":{"rendered":"","protected":false},"author":7,"featured_media":0,"parent":20307,"menu_order":73,"comment_status":"closed","ping_status":"closed","template":"","meta":{"_acf_changed":false,"_price":"","_stock":"","_tribe_ticket_header":"","_tribe_default_ticket_provider":"","_tribe_ticket_capacity":"0","_ticket_start_date":"","_ticket_end_date":"","_tribe_ticket_show_description":"","_tribe_ticket_show_not_going":false,"_tribe_ticket_use_global_stock":"","_tribe_ticket_global_stock_level":"","_global_stock_mode":"","_global_stock_cap":"","_tribe_rsvp_for_event":"","_tribe_ticket_going_count":"","_tribe_ticket_not_going_count":"","_tribe_tickets_list":"[]","_tribe_ticket_has_attendee_info_fields":false,"footnotes":"","_tec_slr_enabled":"","_tec_slr_layout":""},"class_list":["post-17493","page","type-page","status-publish","hentry"],"acf":[],"yoast_head":"<!-- This site is optimized with the Yoast SEO plugin v27.4 - https:\/\/yoast.com\/product\/yoast-seo-wordpress\/ -->\n<title>SPONSORS - La Coupole<\/title>\n<meta name=\"robots\" content=\"index, follow, max-snippet:-1, max-image-preview:large, max-video-preview:-1\" \/>\n<link rel=\"canonical\" href=\"https:\/\/lacoupole-france.com\/en\/our-partners\/sponsors\/\" \/>\n<meta property=\"og:locale\" content=\"en_US\" \/>\n<meta property=\"og:type\" content=\"article\" \/>\n<meta property=\"og:title\" content=\"SPONSORS - La Coupole\" \/>\n<meta property=\"og:url\" content=\"https:\/\/lacoupole-france.com\/en\/our-partners\/sponsors\/\" \/>\n<meta property=\"og:site_name\" content=\"La Coupole\" \/>\n<meta property=\"article:modified_time\" content=\"2023-06-21T08:56:23+00:00\" \/>\n<meta property=\"og:image\" content=\"https:\/\/lacoupole-france.com\/wp-content\/uploads\/2022\/05\/v1_2022_2.png\" \/>\n<meta name=\"twitter:card\" content=\"summary_large_image\" \/>\n<meta name=\"twitter:label1\" content=\"Est. reading time\" \/>\n\t<meta name=\"twitter:data1\" content=\"1 minute\" \/>\n<script type=\"application\/ld+json\" class=\"yoast-schema-graph\">{\"@context\":\"https:\\\/\\\/schema.org\",\"@graph\":[{\"@type\":\"WebPage\",\"@id\":\"https:\\\/\\\/lacoupole-france.com\\\/en\\\/our-partners\\\/sponsors\\\/\",\"url\":\"https:\\\/\\\/lacoupole-france.com\\\/en\\\/our-partners\\\/sponsors\\\/\",\"name\":\"SPONSORS - La Coupole\",\"isPartOf\":{\"@id\":\"https:\\\/\\\/lacoupole-france.com\\\/en\\\/#website\"},\"primaryImageOfPage\":{\"@id\":\"https:\\\/\\\/lacoupole-france.com\\\/en\\\/our-partners\\\/sponsors\\\/#primaryimage\"},\"image\":{\"@id\":\"https:\\\/\\\/lacoupole-france.com\\\/en\\\/our-partners\\\/sponsors\\\/#primaryimage\"},\"thumbnailUrl\":\"https:\\\/\\\/lacoupole-france.com\\\/wp-content\\\/uploads\\\/2022\\\/05\\\/v1_2022_2.png\",\"datePublished\":\"2021-07-20T17:07:55+00:00\",\"dateModified\":\"2023-06-21T08:56:23+00:00\",\"breadcrumb\":{\"@id\":\"https:\\\/\\\/lacoupole-france.com\\\/en\\\/our-partners\\\/sponsors\\\/#breadcrumb\"},\"inLanguage\":\"en-US\",\"potentialAction\":[{\"@type\":\"ReadAction\",\"target\":[\"https:\\\/\\\/lacoupole-france.com\\\/en\\\/our-partners\\\/sponsors\\\/\"]}]},{\"@type\":\"ImageObject\",\"inLanguage\":\"en-US\",\"@id\":\"https:\\\/\\\/lacoupole-france.com\\\/en\\\/our-partners\\\/sponsors\\\/#primaryimage\",\"url\":\"https:\\\/\\\/lacoupole-france.com\\\/wp-content\\\/uploads\\\/2022\\\/05\\\/v1_2022_2.png\",\"contentUrl\":\"https:\\\/\\\/lacoupole-france.com\\\/wp-content\\\/uploads\\\/2022\\\/05\\\/v1_2022_2.png\"},{\"@type\":\"BreadcrumbList\",\"@id\":\"https:\\\/\\\/lacoupole-france.com\\\/en\\\/our-partners\\\/sponsors\\\/#breadcrumb\",\"itemListElement\":[{\"@type\":\"ListItem\",\"position\":1,\"name\":\"Accueil\",\"item\":\"https:\\\/\\\/lacoupole-france.com\\\/en\\\/\"},{\"@type\":\"ListItem\",\"position\":2,\"name\":\"Our Partners\",\"item\":\"https:\\\/\\\/lacoupole-france.com\\\/en\\\/partenariats-de-la-coupole\\\/\"},{\"@type\":\"ListItem\",\"position\":3,\"name\":\"SPONSORS\"}]},{\"@type\":\"WebSite\",\"@id\":\"https:\\\/\\\/lacoupole-france.com\\\/en\\\/#website\",\"url\":\"https:\\\/\\\/lacoupole-france.com\\\/en\\\/\",\"name\":\"La Coupole\",\"description\":\"\",\"potentialAction\":[{\"@type\":\"SearchAction\",\"target\":{\"@type\":\"EntryPoint\",\"urlTemplate\":\"https:\\\/\\\/lacoupole-france.com\\\/en\\\/?s={search_term_string}\"},\"query-input\":{\"@type\":\"PropertyValueSpecification\",\"valueRequired\":true,\"valueName\":\"search_term_string\"}}],\"inLanguage\":\"en-US\"}]}<\/script>\n<!-- \/ Yoast SEO plugin. -->","yoast_head_json":{"title":"SPONSORS - La Coupole","robots":{"index":"index","follow":"follow","max-snippet":"max-snippet:-1","max-image-preview":"max-image-preview:large","max-video-preview":"max-video-preview:-1"},"canonical":"https:\/\/lacoupole-france.com\/en\/our-partners\/sponsors\/","og_locale":"en_US","og_type":"article","og_title":"SPONSORS - La Coupole","og_url":"https:\/\/lacoupole-france.com\/en\/our-partners\/sponsors\/","og_site_name":"La Coupole","article_modified_time":"2023-06-21T08:56:23+00:00","og_image":[{"url":"https:\/\/lacoupole-france.com\/wp-content\/uploads\/2022\/05\/v1_2022_2.png","type":"","width":"","height":""}],"twitter_card":"summary_large_image","twitter_misc":{"Est. reading time":"1 minute"},"schema":{"@context":"https:\/\/schema.org","@graph":[{"@type":"WebPage","@id":"https:\/\/lacoupole-france.com\/en\/our-partners\/sponsors\/","url":"https:\/\/lacoupole-france.com\/en\/our-partners\/sponsors\/","name":"SPONSORS - La Coupole","isPartOf":{"@id":"https:\/\/lacoupole-france.com\/en\/#website"},"primaryImageOfPage":{"@id":"https:\/\/lacoupole-france.com\/en\/our-partners\/sponsors\/#primaryimage"},"image":{"@id":"https:\/\/lacoupole-france.com\/en\/our-partners\/sponsors\/#primaryimage"},"thumbnailUrl":"https:\/\/lacoupole-france.com\/wp-content\/uploads\/2022\/05\/v1_2022_2.png","datePublished":"2021-07-20T17:07:55+00:00","dateModified":"2023-06-21T08:56:23+00:00","breadcrumb":{"@id":"https:\/\/lacoupole-france.com\/en\/our-partners\/sponsors\/#breadcrumb"},"inLanguage":"en-US","potentialAction":[{"@type":"ReadAction","target":["https:\/\/lacoupole-france.com\/en\/our-partners\/sponsors\/"]}]},{"@type":"ImageObject","inLanguage":"en-US","@id":"https:\/\/lacoupole-france.com\/en\/our-partners\/sponsors\/#primaryimage","url":"https:\/\/lacoupole-france.com\/wp-content\/uploads\/2022\/05\/v1_2022_2.png","contentUrl":"https:\/\/lacoupole-france.com\/wp-content\/uploads\/2022\/05\/v1_2022_2.png"},{"@type":"BreadcrumbList","@id":"https:\/\/lacoupole-france.com\/en\/our-partners\/sponsors\/#breadcrumb","itemListElement":[{"@type":"ListItem","position":1,"name":"Accueil","item":"https:\/\/lacoupole-france.com\/en\/"},{"@type":"ListItem","position":2,"name":"Our Partners","item":"https:\/\/lacoupole-france.com\/en\/partenariats-de-la-coupole\/"},{"@type":"ListItem","position":3,"name":"SPONSORS"}]},{"@type":"WebSite","@id":"https:\/\/lacoupole-france.com\/en\/#website","url":"https:\/\/lacoupole-france.com\/en\/","name":"La Coupole","description":"","potentialAction":[{"@type":"SearchAction","target":{"@type":"EntryPoint","urlTemplate":"https:\/\/lacoupole-france.com\/en\/?s={search_term_string}"},"query-input":{"@type":"PropertyValueSpecification","valueRequired":true,"valueName":"search_term_string"}}],"inLanguage":"en-US"}]}},"ticketed":false,"_links":{"self":[{"href":"https:\/\/lacoupole-france.com\/en\/wp-json\/wp\/v2\/pages\/17493","targetHints":{"allow":["GET"]}}],"collection":[{"href":"https:\/\/lacoupole-france.com\/en\/wp-json\/wp\/v2\/pages"}],"about":[{"href":"https:\/\/lacoupole-france.com\/en\/wp-json\/wp\/v2\/types\/page"}],"author":[{"embeddable":true,"href":"https:\/\/lacoupole-france.com\/en\/wp-json\/wp\/v2\/users\/7"}],"replies":[{"embeddable":true,"href":"https:\/\/lacoupole-france.com\/en\/wp-json\/wp\/v2\/comments?post=17493"}],"version-history":[{"count":5,"href":"https:\/\/lacoupole-france.com\/en\/wp-json\/wp\/v2\/pages\/17493\/revisions"}],"predecessor-version":[{"id":22179,"href":"https:\/\/lacoupole-france.com\/en\/wp-json\/wp\/v2\/pages\/17493\/revisions\/22179"}],"up":[{"embeddable":true,"href":"https:\/\/lacoupole-france.com\/en\/wp-json\/wp\/v2\/pages\/20307"}],"wp:attachment":[{"href":"https:\/\/lacoupole-france.com\/en\/wp-json\/wp\/v2\/media?parent=17493"}],"curies":[{"name":"wp","href":"https:\/\/api.w.org\/{rel}","templated":true}]}}