{"id":17512,"date":"2023-03-09T14:39:46","date_gmt":"2023-03-09T13:39:46","guid":{"rendered":"https:\/\/lacoupole-france.com\/?page_id=17512"},"modified":"2023-06-15T16:07:46","modified_gmt":"2023-06-15T14:07:46","slug":"privacy-laws-and-other-legal-information","status":"publish","type":"page","link":"https:\/\/lacoupole-france.com\/en\/privacy-laws-and-other-legal-information\/","title":{"rendered":"PRIVACY LAWS AND OTHER LEGAL INFORMATION"},"content":{"rendered":"\r\n    \r\n    <section class=\"header-content mb-5\" style=\"background-image: url('');\">\r\n\r\n                    <div class=\"title-main \">\r\n                <h1 class=\"title1\">PRIVACY LAWS AND OTHER LEGAL INFORMATION<\/h1>\r\n                            <\/div>\r\n        \r\n\r\n        \r\n        \r\n            <\/section>\r\n\r\n\n\n<div class=\"wp-block-paragraph wp-block\"><div class=\"container\">\n<p><br><\/p>\n<\/div><\/div>\n\n\n    <section class=\"bloc-contenu-sous-slider\">\n        <div class=\"container\">\n            <div class=\"row-container\">\n                                        <div class=\"col-lg-12\">\n                                                <div class=\"information-content\">\n                                                            <p><p><span style=\"font-weight: 400;\">By browsing this website, users acknowledge having read and accepted the conditions and limits of liability described herein. <\/span><i><span style=\"font-weight: 400;\">La Coupole<\/span><\/i><span style=\"font-weight: 400;\">, History Centre and 3D Planetarium organisation (EPCC) may not be held liable for any internet connection issues or difficulties to view the pages of this website. Users particularly acknowledge that they have been informed of the possible differences in interpretation of web pages according to the various browsers available on the market<\/span><\/p>\n<p>&nbsp;<\/p>\n<h2 style=\"text-align: left;\"><strong>Webmaster<\/strong><\/h2>\n<p><span style=\"font-weight: 400;\"><em>La Coupole<\/em> EPCC, Centre d\u2019Histoire et Plan\u00e9tarium 3D<br \/>\nSIRET N\u00b0: 200,002,137 20 206 270<br \/>\nNACE Code: 8412Z<br \/>\nVAT Number: FR22200002137<br \/>\nPhysical Address: rue Andr\u00e9 Clabaux (D210) \u2013 62570 Wizernes (FRANCE)<br \/>\nPostal Address: CS 40284 \u2013 62504 Saint-Omer cedex<br \/>\nTelephone: +33 (0)3 21 12 27 27<br \/>\nFax: +33 (0)3 21 39 21 45<\/span><\/p>\n<h2 style=\"text-align: left;\"><strong>Direction and Management of Publication<\/strong><\/h2>\n<p><span style=\"font-weight: 400;\">Director of publication: Philippe Queste, director of <i>La Coupole EPCC<\/i><br \/>\nEditorial management and site maintenance: Communication department of <i>La Coupole<\/i> EPCC<\/span><\/p>\n<h2><strong>Design and Technical Development<\/strong><\/h2>\n<p><span style=\"font-weight: 400;\">14h28<br \/>\nMain Office: 202, rue Jean Jaur\u00e8s 59491 Villeneuve d\u2019Ascq<br \/>\nSIRET N\u00b0: 438 157 679 00053<br \/>\nNACE Code: 7311Z<br \/>\nVAT Number: FR53438157679<br \/>\nTelephone: +33 (0)3 20 30 01 00<br \/>\nWebsite: www.14h28.com<\/span><\/p>\n<h2><strong>Web Hosting Services Provider<\/strong><\/h2>\n<p><span style=\"font-weight: 400;\">Nexylan SAS<br \/>\nMain Office: 274 ter, avenue de la Marne 59700 Marcq-en-Bar\u0153ul<br \/>\nSIRET N\u00b0: 438 157 679 00037<br \/>\nNACE Code: 6311Z<br \/>\nVAT Number: FR37517884722<br \/>\nTelephone: +33 (0)3 66 72 15 72<br \/>\nWebsite: www.nexylan.com<\/span><\/p>\n<h2><strong>Intellectual property and photo credits<\/strong><\/h2>\n<p><span style=\"font-weight: 400;\">All the content of this site, including texts, graphics, photographs, illustrations, and audio and video content are protected by intellectual property laws. It is prohibited to reproduce, represent, modify, publish or adapt this content, by whatsoever means or process, without the prior written permission of <\/span><i><span style=\"font-weight: 400;\">La Coupole EPCC<\/span><\/i><span style=\"font-weight: 400;\">.<\/span><\/p>\n<p style=\"text-align: center;\"><span style=\"font-weight: 400;\">Any use, partial or total of the site or its contents, will therefore be considered as a breach of copyright and will be subject to legal proceedings in accordance with the provisions of articles L.335-2 and following of the intellectual property law.<\/span><\/p>\n<p style=\"text-align: center;\"><span style=\"font-weight: 400;\">Photo credits:\u00a0<\/span><\/p>\n<p>&nbsp;<\/p>\n<h2 style=\"text-align: left;\"><strong>Hyperlinks<\/strong><\/h2>\n<p style=\"text-align: center;\"><i><span style=\"font-weight: 400;\">La Coupole EPCC<\/span><\/i><span style=\"font-weight: 400;\"> authorises any website to contain a hyperlink to its website address www.lacoupole-france.com. This authorisation does not apply to websites containing data of an illicit nature, or that may be deemed to be violent, controversial, pornographic, xenophobic, racist, anti-Semitic or that could more generally offend the public at large. In this case, we reserve the right to revoke this authorisation.<\/span><\/p>\n<h2><strong>Liability<\/strong><\/h2>\n<p><i><span style=\"font-weight: 400;\">La Coupole <\/span><\/i><span style=\"font-weight: 400;\">EPCC does its best to ensure that the information contained in its website is accurate and regularly updated and reserves the right to amend this content at any time without prior notice.<\/span><\/p>\n<p style=\"text-align: center;\"><span style=\"font-weight: 400;\">However, <\/span><i><span style=\"font-weight: 400;\">La Coupole <\/span><\/i><span style=\"font-weight: 400;\">EPCC cannot guarantee the exactness, accuracy or completeness of the information provided in its website.<\/span><\/p>\n<p style=\"text-align: center;\"><span style=\"font-weight: 400;\">Consequently, <\/span><i><span style=\"font-weight: 400;\">La Coupole <\/span><\/i><span style=\"font-weight: 400;\">EPCC declines all liability for:<\/span><\/p>\n<ul>\n<li><span style=\"font-weight: 400;\"> Website failures<\/span><\/li>\n<li><span style=\"font-weight: 400;\"> Bugs\u00a0<\/span><\/li>\n<li><span style=\"font-weight: 400;\"> Any inaccuracy or omission in the data provided by the website<\/span><\/li>\n<li><span style=\"font-weight: 400;\"> Any damages resulting from illegal intrusion by a third party resulting in changes to the information provided by the website.<\/span><\/li>\n<\/ul>\n<p>&nbsp;<\/p>\n<h2 style=\"text-align: left;\"><strong>Personal data<\/strong><\/h2>\n<p style=\"text-align: center;\"><span style=\"font-weight: 400;\">As you browse this website, you may be asked to enter personal data such as your first and last names or your e-mail address. We inform you that any data collected via an online form or other means will under no circumstances be transmitted, free of charge or otherwise, to third parties, whether a physical person or organisation. The data we collect serves to gain a better understanding of your profile, to respond more efficiently to your needs and provide you with a high-quality service.<\/span><\/p>\n<p style=\"text-align: center;\"><span style=\"font-weight: 400;\">In accordance with the French data protection act (amended) of 6 January 1978 and with European regulation 2016\/679 of 27 April 2016 otherwise known as the General Data Protection Regulation (GDPR), you have the right to access, read, oppose, rectify, amend and delete all data concerning you. You may therefore demand that any data concerning you that is found to be inaccurate, incomplete, misleading, or obsolete be rectified, completed, clarified, updated, or deleted. To exercise these rights, please send a written request to the Data Protection Officer by e-mail to lacoupole@lacoupole.com or by letter to: Le D\u00e9l\u00e9gu\u00e9 \u00e0 la Protection des Donn\u00e9es \u2013 La Coupole, Centre d\u2019Histoire et Plan\u00e9tarium 3D \u2013 CS 40284 \u2013 62504 Saint-Omer cedex (France).<\/span><\/p>\n<p style=\"text-align: center;\"><span style=\"font-weight: 400;\">You may also file a complaint with the <\/span><i><span style=\"font-weight: 400;\">Commission Nationale Informatique et Libert\u00e9s<\/span><\/i><span style=\"font-weight: 400;\"> (CNIL) should you feel you are unable to exercise your data privacy rights, or if you wish to report an infringement of the data protection rights.<\/span><\/p>\n<p style=\"text-align: center;\"><span style=\"font-weight: 400;\">This complaint may be filed on the CNIL website:<\/span><\/p>\n<p style=\"text-align: center;\"><span style=\"font-weight: 400;\">. In some specific cases, using the online claims service, or in \u201cother cases\u201d not covered by this service, by clicking on \u201c<\/span><i><span style=\"font-weight: 400;\">besoin d\u2019aide<\/span><\/i><span style=\"font-weight: 400;\">\u201d (assistance required) which will give you access to a claims form you will find at the bottom of the answer to your query.<\/span><\/p>\n<p style=\"text-align: center;\"><span style=\"font-weight: 400;\">. By writing to: CNIL \u2013 Service des Plaintes \u2013 3, place de Fontenoy \u2013 TSA 80715 \u2013 75334 Paris cedex 07.<\/span><\/p>\n<p>&nbsp;<\/p>\n<h2 style=\"text-align: left;\"><strong>Cookies<\/strong><\/h2>\n<p style=\"text-align: center;\"><span style=\"font-weight: 400;\">While browsing this website, \u201ccookies\u201d may be installed on the user\u2019s computer. A cookie is a small file which does not allow the user to be identified, but which saves data on how your computer browses through our website. The data thus obtained are intended to facilitate subsequent visits to the site, as well as to enable various measurements of visit frequency.<\/span><\/p>\n<p style=\"text-align: center;\"><span style=\"font-weight: 400;\">You can at any time deactivate the saving of all or part of these cookies. Your browser settings can also report all cookies saved on your terminal and ask you if you wish to accept them or not (unilaterally or on a case-by-case basis). We however remind you that by deactivating all cookies, only the basic functions of the website will be available. You will find more details on cookie settings on the above-mentioned web pages according to the type of browser you are using: Firefox, Chrome, Explorer, Edge, Safari or other.<\/span><\/p>\n<p style=\"text-align: center;\"><span style=\"font-weight: 400;\">The website of the <\/span><i><span style=\"font-weight: 400;\">Commission Nationale Informatique et Libert\u00e9s<\/span><\/i><span style=\"font-weight: 400;\"> (CNIL) site also provides detailed information about cookies: www.cnil.fr\/fr\/site-web-cookies-et-autres-traceurs.<\/span><\/p>\n<p>&nbsp;<\/p>\n<h2><strong>Applicable Law<\/strong><\/h2>\n<p style=\"text-align: center;\"><span style=\"font-weight: 400;\">Any disputes regarding this website will be settled under French law. The court authorised to settle such disputes will be one that is declared competent to handle grievances with French cultural organisations designated <\/span><i><span style=\"font-weight: 400;\">\u00c9tablissements Publics de Coop\u00e9ration Culturelle.<\/span><\/i><\/p>\n<\/p>\n                                                    <\/div>\n                        <\/div>\n                                            <\/div>\n            <\/div>\n    <\/section>\n\n\n\n<div class=\"wp-block-paragraph wp-block\"><div class=\"container\">\n<p><br><\/p>\n<\/div><\/div>\n\n<div class=\"wp-block-paragraph wp-block\"><div class=\"container\">\n<p><br><\/p>\n<\/div><\/div>","protected":false},"excerpt":{"rendered":"","protected":false},"author":7,"featured_media":0,"parent":0,"menu_order":102,"comment_status":"closed","ping_status":"closed","template":"","meta":{"_acf_changed":false,"_price":"","_stock":"","_tribe_ticket_header":"","_tribe_default_ticket_provider":"","_tribe_ticket_capacity":"0","_ticket_start_date":"","_ticket_end_date":"","_tribe_ticket_show_description":"","_tribe_ticket_show_not_going":false,"_tribe_ticket_use_global_stock":"","_tribe_ticket_global_stock_level":"","_global_stock_mode":"","_global_stock_cap":"","_tribe_rsvp_for_event":"","_tribe_ticket_going_count":"","_tribe_ticket_not_going_count":"","_tribe_tickets_list":"[]","_tribe_ticket_has_attendee_info_fields":false,"footnotes":"","_tec_slr_enabled":"","_tec_slr_layout":""},"class_list":["post-17512","page","type-page","status-publish","hentry"],"acf":[],"yoast_head":"<!-- This site is optimized with the Yoast SEO plugin v27.4 - https:\/\/yoast.com\/product\/yoast-seo-wordpress\/ -->\n<title>PRIVACY LAWS AND OTHER LEGAL INFORMATION - La Coupole<\/title>\n<meta name=\"robots\" content=\"index, follow, max-snippet:-1, max-image-preview:large, max-video-preview:-1\" \/>\n<link rel=\"canonical\" href=\"https:\/\/lacoupole-france.com\/en\/privacy-laws-and-other-legal-information\/\" \/>\n<meta property=\"og:locale\" content=\"en_US\" \/>\n<meta property=\"og:type\" content=\"article\" \/>\n<meta property=\"og:title\" content=\"PRIVACY LAWS AND OTHER LEGAL INFORMATION - La Coupole\" \/>\n<meta property=\"og:url\" content=\"https:\/\/lacoupole-france.com\/en\/privacy-laws-and-other-legal-information\/\" \/>\n<meta property=\"og:site_name\" content=\"La Coupole\" \/>\n<meta property=\"article:modified_time\" content=\"2023-06-15T14:07:46+00:00\" \/>\n<meta name=\"twitter:card\" content=\"summary_large_image\" \/>\n<script type=\"application\/ld+json\" class=\"yoast-schema-graph\">{\"@context\":\"https:\\\/\\\/schema.org\",\"@graph\":[{\"@type\":\"WebPage\",\"@id\":\"https:\\\/\\\/lacoupole-france.com\\\/en\\\/privacy-laws-and-other-legal-information\\\/\",\"url\":\"https:\\\/\\\/lacoupole-france.com\\\/en\\\/privacy-laws-and-other-legal-information\\\/\",\"name\":\"PRIVACY LAWS AND OTHER LEGAL INFORMATION - La Coupole\",\"isPartOf\":{\"@id\":\"https:\\\/\\\/lacoupole-france.com\\\/en\\\/#website\"},\"datePublished\":\"2023-03-09T13:39:46+00:00\",\"dateModified\":\"2023-06-15T14:07:46+00:00\",\"breadcrumb\":{\"@id\":\"https:\\\/\\\/lacoupole-france.com\\\/en\\\/privacy-laws-and-other-legal-information\\\/#breadcrumb\"},\"inLanguage\":\"en-US\",\"potentialAction\":[{\"@type\":\"ReadAction\",\"target\":[\"https:\\\/\\\/lacoupole-france.com\\\/en\\\/privacy-laws-and-other-legal-information\\\/\"]}]},{\"@type\":\"BreadcrumbList\",\"@id\":\"https:\\\/\\\/lacoupole-france.com\\\/en\\\/privacy-laws-and-other-legal-information\\\/#breadcrumb\",\"itemListElement\":[{\"@type\":\"ListItem\",\"position\":1,\"name\":\"Accueil\",\"item\":\"https:\\\/\\\/lacoupole-france.com\\\/en\\\/\"},{\"@type\":\"ListItem\",\"position\":2,\"name\":\"PRIVACY LAWS AND OTHER LEGAL INFORMATION\"}]},{\"@type\":\"WebSite\",\"@id\":\"https:\\\/\\\/lacoupole-france.com\\\/en\\\/#website\",\"url\":\"https:\\\/\\\/lacoupole-france.com\\\/en\\\/\",\"name\":\"La Coupole\",\"description\":\"\",\"potentialAction\":[{\"@type\":\"SearchAction\",\"target\":{\"@type\":\"EntryPoint\",\"urlTemplate\":\"https:\\\/\\\/lacoupole-france.com\\\/en\\\/?s={search_term_string}\"},\"query-input\":{\"@type\":\"PropertyValueSpecification\",\"valueRequired\":true,\"valueName\":\"search_term_string\"}}],\"inLanguage\":\"en-US\"}]}<\/script>\n<!-- \/ Yoast SEO plugin. -->","yoast_head_json":{"title":"PRIVACY LAWS AND OTHER LEGAL INFORMATION - La Coupole","robots":{"index":"index","follow":"follow","max-snippet":"max-snippet:-1","max-image-preview":"max-image-preview:large","max-video-preview":"max-video-preview:-1"},"canonical":"https:\/\/lacoupole-france.com\/en\/privacy-laws-and-other-legal-information\/","og_locale":"en_US","og_type":"article","og_title":"PRIVACY LAWS AND OTHER LEGAL INFORMATION - La Coupole","og_url":"https:\/\/lacoupole-france.com\/en\/privacy-laws-and-other-legal-information\/","og_site_name":"La Coupole","article_modified_time":"2023-06-15T14:07:46+00:00","twitter_card":"summary_large_image","schema":{"@context":"https:\/\/schema.org","@graph":[{"@type":"WebPage","@id":"https:\/\/lacoupole-france.com\/en\/privacy-laws-and-other-legal-information\/","url":"https:\/\/lacoupole-france.com\/en\/privacy-laws-and-other-legal-information\/","name":"PRIVACY LAWS AND OTHER LEGAL INFORMATION - La Coupole","isPartOf":{"@id":"https:\/\/lacoupole-france.com\/en\/#website"},"datePublished":"2023-03-09T13:39:46+00:00","dateModified":"2023-06-15T14:07:46+00:00","breadcrumb":{"@id":"https:\/\/lacoupole-france.com\/en\/privacy-laws-and-other-legal-information\/#breadcrumb"},"inLanguage":"en-US","potentialAction":[{"@type":"ReadAction","target":["https:\/\/lacoupole-france.com\/en\/privacy-laws-and-other-legal-information\/"]}]},{"@type":"BreadcrumbList","@id":"https:\/\/lacoupole-france.com\/en\/privacy-laws-and-other-legal-information\/#breadcrumb","itemListElement":[{"@type":"ListItem","position":1,"name":"Accueil","item":"https:\/\/lacoupole-france.com\/en\/"},{"@type":"ListItem","position":2,"name":"PRIVACY LAWS AND OTHER LEGAL INFORMATION"}]},{"@type":"WebSite","@id":"https:\/\/lacoupole-france.com\/en\/#website","url":"https:\/\/lacoupole-france.com\/en\/","name":"La Coupole","description":"","potentialAction":[{"@type":"SearchAction","target":{"@type":"EntryPoint","urlTemplate":"https:\/\/lacoupole-france.com\/en\/?s={search_term_string}"},"query-input":{"@type":"PropertyValueSpecification","valueRequired":true,"valueName":"search_term_string"}}],"inLanguage":"en-US"}]}},"ticketed":false,"_links":{"self":[{"href":"https:\/\/lacoupole-france.com\/en\/wp-json\/wp\/v2\/pages\/17512","targetHints":{"allow":["GET"]}}],"collection":[{"href":"https:\/\/lacoupole-france.com\/en\/wp-json\/wp\/v2\/pages"}],"about":[{"href":"https:\/\/lacoupole-france.com\/en\/wp-json\/wp\/v2\/types\/page"}],"author":[{"embeddable":true,"href":"https:\/\/lacoupole-france.com\/en\/wp-json\/wp\/v2\/users\/7"}],"replies":[{"embeddable":true,"href":"https:\/\/lacoupole-france.com\/en\/wp-json\/wp\/v2\/comments?post=17512"}],"version-history":[{"count":6,"href":"https:\/\/lacoupole-france.com\/en\/wp-json\/wp\/v2\/pages\/17512\/revisions"}],"predecessor-version":[{"id":22579,"href":"https:\/\/lacoupole-france.com\/en\/wp-json\/wp\/v2\/pages\/17512\/revisions\/22579"}],"wp:attachment":[{"href":"https:\/\/lacoupole-france.com\/en\/wp-json\/wp\/v2\/media?parent=17512"}],"curies":[{"name":"wp","href":"https:\/\/api.w.org\/{rel}","templated":true}]}}