{"id":20307,"date":"2021-10-27T08:18:30","date_gmt":"2021-10-27T06:18:30","guid":{"rendered":"https:\/\/lacoupole-france.com\/partenariats-de-la-coupole\/"},"modified":"2023-07-20T16:06:07","modified_gmt":"2023-07-20T14:06:07","slug":"our-partners","status":"publish","type":"page","link":"https:\/\/lacoupole-france.com\/en\/our-partners\/","title":{"rendered":"Our Partners"},"content":{"rendered":"\r\n    \r\n    <section class=\"header-content mb-5\" style=\"background-image: url('https:\/\/lacoupole-france.com\/wp-content\/uploads\/2021\/10\/partenariats-scaled.jpg');\">\r\n\r\n                    <div class=\"title-main \">\r\n                <h1 class=\"title1\">Nos partenariats<\/h1>\r\n                            <\/div>\r\n        \r\n\r\n        \r\n        \r\n            <\/section>\r\n\r\n<div class=\"wp-block-paragraph wp-block\"><div class=\"container\">\n<p class=\"has-text-align-left\">Depuis sa cr\u00e9ation en 1997 <em>La Coupole<\/em> s\u2019associe \u00e0 de nombreux partenaires dans le cadre de ses missions culturelles, p\u00e9dagogiques, m\u00e9morielles et scientifiques.<\/p>\n<\/div><\/div><div class=\"wp-block-heading wp-block\"><div class=\"container\">\n<h2 class=\"wp-block-heading\">Partenaires institutionnels<\/h2>\n<\/div><\/div><div class=\"wp-block-columns wp-block\"><div class=\"container\">\n<div class=\"wp-block-columns is-layout-flex wp-container-core-columns-is-layout-9d6595d7 wp-block-columns-is-layout-flex\">\n<div class=\"wp-block-column is-layout-flow wp-block-column-is-layout-flow\">\n<figure class=\"wp-block-image size-full is-resized\"><a href=\"https:\/\/www.pas-de-calais-tourisme.com\" target=\"_blank\" rel=\"noopener\"><img decoding=\"async\" src=\"https:\/\/lacoupole-france.com\/wp-content\/uploads\/2022\/03\/npdc-tourisme.png\" alt=\"\" class=\"wp-image-6329\" width=\"115\" height=\"115\" srcset=\"https:\/\/lacoupole-france.com\/wp-content\/uploads\/2022\/03\/npdc-tourisme.png 230w, https:\/\/lacoupole-france.com\/wp-content\/uploads\/2022\/03\/npdc-tourisme-100x100.png 100w, https:\/\/lacoupole-france.com\/wp-content\/uploads\/2022\/03\/npdc-tourisme-150x150.png 150w\" sizes=\"(max-width: 115px) 100vw, 115px\" \/><\/a><\/figure><\/div>\n\n\n\n<div class=\"wp-block-column is-layout-flow wp-block-column-is-layout-flow\">\n<figure class=\"wp-block-image size-full is-resized\"><a href=\"https:\/\/www.hautsdefrance-tourisme-congres.com\/\" target=\"_blank\" rel=\"noopener\"><img decoding=\"async\" src=\"https:\/\/lacoupole-france.com\/wp-content\/uploads\/2022\/03\/hdf.png\" alt=\"\" class=\"wp-image-6327\" width=\"115\" height=\"115\" srcset=\"https:\/\/lacoupole-france.com\/wp-content\/uploads\/2022\/03\/hdf.png 230w, https:\/\/lacoupole-france.com\/wp-content\/uploads\/2022\/03\/hdf-100x100.png 100w, https:\/\/lacoupole-france.com\/wp-content\/uploads\/2022\/03\/hdf-150x150.png 150w\" sizes=\"(max-width: 115px) 100vw, 115px\" \/><\/a><\/figure><\/div>\n\n\n\n<div class=\"wp-block-column is-layout-flow wp-block-column-is-layout-flow\">\n<figure class=\"wp-block-image size-full is-resized\"><a href=\"https:\/\/eden62.fr\/\" target=\"_blank\" rel=\"noopener\"><img decoding=\"async\" src=\"https:\/\/lacoupole-france.com\/wp-content\/uploads\/2022\/03\/enden62.png\" alt=\"\" class=\"wp-image-6825\" width=\"115\" height=\"115\" srcset=\"https:\/\/lacoupole-france.com\/wp-content\/uploads\/2022\/03\/enden62.png 230w, https:\/\/lacoupole-france.com\/wp-content\/uploads\/2022\/03\/enden62-150x150.png 150w, https:\/\/lacoupole-france.com\/wp-content\/uploads\/2022\/03\/enden62-100x100.png 100w\" sizes=\"(max-width: 115px) 100vw, 115px\" \/><\/a><\/figure><\/div>\n\n\n\n<div class=\"wp-block-column is-layout-flow wp-block-column-is-layout-flow\">\n<figure class=\"wp-block-image size-full is-resized\"><a href=\"https:\/\/laligue.org\/\" target=\"_blank\" rel=\"noopener\"><img decoding=\"async\" src=\"https:\/\/lacoupole-france.com\/wp-content\/uploads\/2022\/03\/laligue-1.png\" alt=\"\" class=\"wp-image-7068\" width=\"115\" height=\"115\" srcset=\"https:\/\/lacoupole-france.com\/wp-content\/uploads\/2022\/03\/laligue-1.png 230w, https:\/\/lacoupole-france.com\/wp-content\/uploads\/2022\/03\/laligue-1-150x150.png 150w, https:\/\/lacoupole-france.com\/wp-content\/uploads\/2022\/03\/laligue-1-100x100.png 100w\" sizes=\"(max-width: 115px) 100vw, 115px\" \/><\/a><\/figure><\/div>\n\n\n\n<div class=\"wp-block-column is-layout-flow wp-block-column-is-layout-flow\"><\/div>\n\n\n\n<div class=\"wp-block-column is-layout-flow wp-block-column-is-layout-flow\"><\/div>\n<\/div>\n<\/div><\/div><div class=\"wp-block-heading wp-block\"><div class=\"container\">\n<h2 class=\"wp-block-heading\">Partenaires historiques, scientifiques et culturels<\/h2>\n<\/div><\/div><div class=\"wp-block-columns wp-block\"><div class=\"container\">\n<div class=\"wp-block-columns is-layout-flex wp-container-core-columns-is-layout-9d6595d7 wp-block-columns-is-layout-flex\">\n<div class=\"wp-block-column is-layout-flow wp-block-column-is-layout-flow\">\n<figure class=\"wp-block-image size-full is-resized\"><a href=\"https:\/\/www.defense.gouv.fr\/\" target=\"_blank\" rel=\"noopener\"><img decoding=\"async\" src=\"https:\/\/lacoupole-france.com\/wp-content\/uploads\/2022\/03\/dpma_logo2.jpg\" alt=\"\" class=\"wp-image-6642\" width=\"115\" height=\"115\" srcset=\"https:\/\/lacoupole-france.com\/wp-content\/uploads\/2022\/03\/dpma_logo2.jpg 230w, https:\/\/lacoupole-france.com\/wp-content\/uploads\/2022\/03\/dpma_logo2-150x150.jpg 150w, https:\/\/lacoupole-france.com\/wp-content\/uploads\/2022\/03\/dpma_logo2-100x100.jpg 100w\" sizes=\"(max-width: 115px) 100vw, 115px\" \/><\/a><\/figure><\/div>\n\n\n\n<div class=\"wp-block-column is-layout-flow wp-block-column-is-layout-flow\">\n<figure class=\"wp-block-image size-full is-resized\"><a href=\"https:\/\/www.citadelle.com\/\" target=\"_blank\" rel=\"noopener\"><img decoding=\"async\" src=\"https:\/\/lacoupole-france.com\/wp-content\/uploads\/2022\/03\/besancon.png\" alt=\"\" class=\"wp-image-6337\" width=\"115\" height=\"115\" srcset=\"https:\/\/lacoupole-france.com\/wp-content\/uploads\/2022\/03\/besancon.png 230w, https:\/\/lacoupole-france.com\/wp-content\/uploads\/2022\/03\/besancon-100x100.png 100w, https:\/\/lacoupole-france.com\/wp-content\/uploads\/2022\/03\/besancon-150x150.png 150w\" sizes=\"(max-width: 115px) 100vw, 115px\" \/><\/a><\/figure><\/div>\n\n\n\n<div class=\"wp-block-column is-layout-flow wp-block-column-is-layout-flow\">\n<figure class=\"wp-block-image size-full is-resized\"><a href=\"https:\/\/www.memorial-compiegne.fr\/\" target=\"_blank\" rel=\"noopener\"><img decoding=\"async\" src=\"https:\/\/lacoupole-france.com\/wp-content\/uploads\/2022\/03\/memorial.png\" alt=\"\" class=\"wp-image-6342\" width=\"115\" height=\"115\" srcset=\"https:\/\/lacoupole-france.com\/wp-content\/uploads\/2022\/03\/memorial.png 230w, https:\/\/lacoupole-france.com\/wp-content\/uploads\/2022\/03\/memorial-100x100.png 100w, https:\/\/lacoupole-france.com\/wp-content\/uploads\/2022\/03\/memorial-150x150.png 150w\" sizes=\"(max-width: 115px) 100vw, 115px\" \/><\/a><\/figure><\/div>\n\n\n\n<div class=\"wp-block-column is-layout-flow wp-block-column-is-layout-flow\">\n<figure class=\"wp-block-image size-full is-resized\"><a href=\"https:\/\/www.ecpad.fr\/\" target=\"_blank\" rel=\"noopener\"><img decoding=\"async\" src=\"https:\/\/lacoupole-france.com\/wp-content\/uploads\/2022\/03\/ecpad-1.png\" alt=\"\" class=\"wp-image-6418\" width=\"115\" height=\"115\" srcset=\"https:\/\/lacoupole-france.com\/wp-content\/uploads\/2022\/03\/ecpad-1.png 230w, https:\/\/lacoupole-france.com\/wp-content\/uploads\/2022\/03\/ecpad-1-100x100.png 100w, https:\/\/lacoupole-france.com\/wp-content\/uploads\/2022\/03\/ecpad-1-150x150.png 150w\" sizes=\"(max-width: 115px) 100vw, 115px\" \/><\/a><\/figure><\/div>\n\n\n\n<div class=\"wp-block-column is-layout-flow wp-block-column-is-layout-flow\">\n<figure class=\"wp-block-image size-full is-resized\"><a href=\"https:\/\/fondationmemoiredeportation.com\/\" target=\"_blank\" rel=\"noopener\"><img decoding=\"async\" src=\"https:\/\/lacoupole-france.com\/wp-content\/uploads\/2022\/03\/memoire-deportation.png\" alt=\"\" class=\"wp-image-6341\" width=\"115\" height=\"115\" srcset=\"https:\/\/lacoupole-france.com\/wp-content\/uploads\/2022\/03\/memoire-deportation.png 230w, https:\/\/lacoupole-france.com\/wp-content\/uploads\/2022\/03\/memoire-deportation-100x100.png 100w, https:\/\/lacoupole-france.com\/wp-content\/uploads\/2022\/03\/memoire-deportation-150x150.png 150w\" sizes=\"(max-width: 115px) 100vw, 115px\" \/><\/a><\/figure><\/div>\n\n\n\n<div class=\"wp-block-column is-layout-flow wp-block-column-is-layout-flow\">\n<figure class=\"wp-block-image size-full is-resized\"><a href=\"http:\/\/www.ville-bondues.fr\/musee\/\" target=\"_blank\" rel=\"noopener\"><img decoding=\"async\" src=\"https:\/\/lacoupole-france.com\/wp-content\/uploads\/2022\/03\/museebondues.png\" alt=\"\" class=\"wp-image-7056\" width=\"115\" height=\"115\" srcset=\"https:\/\/lacoupole-france.com\/wp-content\/uploads\/2022\/03\/museebondues.png 230w, https:\/\/lacoupole-france.com\/wp-content\/uploads\/2022\/03\/museebondues-150x150.png 150w, https:\/\/lacoupole-france.com\/wp-content\/uploads\/2022\/03\/museebondues-100x100.png 100w\" sizes=\"(max-width: 115px) 100vw, 115px\" \/><\/a><\/figure><\/div>\n<\/div>\n<\/div><\/div><div class=\"wp-block-columns wp-block\"><div class=\"container\">\n<div class=\"wp-block-columns is-layout-flex wp-container-core-columns-is-layout-9d6595d7 wp-block-columns-is-layout-flex\">\n<div class=\"wp-block-column is-layout-flow wp-block-column-is-layout-flow\">\n<figure class=\"wp-block-image size-full is-resized\"><a href=\"https:\/\/cnes.fr\/fr\" target=\"_blank\" rel=\"noopener\"><img decoding=\"async\" src=\"https:\/\/lacoupole-france.com\/wp-content\/uploads\/2022\/03\/cnes.png\" alt=\"\" class=\"wp-image-6338\" width=\"115\" height=\"115\" srcset=\"https:\/\/lacoupole-france.com\/wp-content\/uploads\/2022\/03\/cnes.png 230w, https:\/\/lacoupole-france.com\/wp-content\/uploads\/2022\/03\/cnes-100x100.png 100w, https:\/\/lacoupole-france.com\/wp-content\/uploads\/2022\/03\/cnes-150x150.png 150w\" sizes=\"(max-width: 115px) 100vw, 115px\" \/><\/a><\/figure><\/div>\n\n\n\n<div class=\"wp-block-column is-layout-flow wp-block-column-is-layout-flow\">\n<figure class=\"wp-block-image size-full is-resized\"><a href=\"https:\/\/www.vigie-ciel.org\/\" target=\"_blank\" rel=\"noopener\"><img decoding=\"async\" src=\"https:\/\/lacoupole-france.com\/wp-content\/uploads\/2022\/03\/vigie-ciel.png\" alt=\"\" class=\"wp-image-6343\" width=\"115\" height=\"115\" srcset=\"https:\/\/lacoupole-france.com\/wp-content\/uploads\/2022\/03\/vigie-ciel.png 230w, https:\/\/lacoupole-france.com\/wp-content\/uploads\/2022\/03\/vigie-ciel-100x100.png 100w, https:\/\/lacoupole-france.com\/wp-content\/uploads\/2022\/03\/vigie-ciel-150x150.png 150w\" sizes=\"(max-width: 115px) 100vw, 115px\" \/><\/a><\/figure><\/div>\n\n\n\n<div class=\"wp-block-column is-layout-flow wp-block-column-is-layout-flow\">\n<figure class=\"wp-block-image size-full is-resized\"><a href=\"https:\/\/lacoupole-france.com\/partenariats-de-la-coupole\/nausicaa\/\"><img decoding=\"async\" src=\"https:\/\/lacoupole-france.com\/wp-content\/uploads\/2022\/04\/nausicaa_logo.png\" alt=\"\" class=\"wp-image-7642\" width=\"115\" height=\"115\" srcset=\"https:\/\/lacoupole-france.com\/wp-content\/uploads\/2022\/04\/nausicaa_logo.png 230w, https:\/\/lacoupole-france.com\/wp-content\/uploads\/2022\/04\/nausicaa_logo-150x150.png 150w, https:\/\/lacoupole-france.com\/wp-content\/uploads\/2022\/04\/nausicaa_logo-100x100.png 100w\" sizes=\"(max-width: 115px) 100vw, 115px\" \/><\/a><\/figure><\/div>\n\n\n\n<div class=\"wp-block-column is-layout-flow wp-block-column-is-layout-flow\"><\/div>\n\n\n\n<div class=\"wp-block-column is-layout-flow wp-block-column-is-layout-flow\"><\/div>\n\n\n\n<div class=\"wp-block-column is-layout-flow wp-block-column-is-layout-flow\"><\/div>\n<\/div>\n<\/div><\/div><div class=\"wp-block-heading wp-block\"><div class=\"container\">\n<h2 class=\"wp-block-heading\">La Coupole on Social Media<\/h2>\n<\/div><\/div>\n<div style=\"height:31px\" aria-hidden=\"true\" class=\"wp-block-spacer\"><\/div>\n<div class=\"wp-block-columns wp-block\"><div class=\"container\">\n<div class=\"wp-block-columns is-layout-flex wp-container-core-columns-is-layout-9d6595d7 wp-block-columns-is-layout-flex\">\n<div class=\"wp-block-column is-layout-flow wp-block-column-is-layout-flow\">\n<figure class=\"wp-block-image size-full is-resized\"><a href=\"http:\/\/www.aplf-planetariums.org\/\" target=\"_blank\" rel=\"noopener\"><img decoding=\"async\" src=\"https:\/\/lacoupole-france.com\/wp-content\/uploads\/2022\/03\/aplf.png\" alt=\"\" class=\"wp-image-6783\" width=\"115\" height=\"115\" srcset=\"https:\/\/lacoupole-france.com\/wp-content\/uploads\/2022\/03\/aplf.png 230w, https:\/\/lacoupole-france.com\/wp-content\/uploads\/2022\/03\/aplf-150x150.png 150w, https:\/\/lacoupole-france.com\/wp-content\/uploads\/2022\/03\/aplf-100x100.png 100w\" sizes=\"(max-width: 115px) 100vw, 115px\" \/><\/a><\/figure><\/div>\n\n\n\n<div class=\"wp-block-column is-layout-flow wp-block-column-is-layout-flow\">\n<figure class=\"wp-block-image size-full is-resized\"><a href=\"https:\/\/www.afastronomie.fr\/\" target=\"_blank\" rel=\"noopener\"><img decoding=\"async\" src=\"https:\/\/lacoupole-france.com\/wp-content\/uploads\/2022\/03\/afa-1.png\" alt=\"\" class=\"wp-image-7052\" width=\"115\" height=\"115\" srcset=\"https:\/\/lacoupole-france.com\/wp-content\/uploads\/2022\/03\/afa-1.png 230w, https:\/\/lacoupole-france.com\/wp-content\/uploads\/2022\/03\/afa-1-150x150.png 150w, https:\/\/lacoupole-france.com\/wp-content\/uploads\/2022\/03\/afa-1-100x100.png 100w\" sizes=\"(max-width: 115px) 100vw, 115px\" \/><\/a><\/figure><\/div>\n\n\n\n<div class=\"wp-block-column is-layout-flow wp-block-column-is-layout-flow\">\n<figure class=\"wp-block-image size-full is-resized\"><a href=\"https:\/\/www.route-62.fr\/\" target=\"_blank\" rel=\"noopener\"><img decoding=\"async\" src=\"https:\/\/lacoupole-france.com\/wp-content\/uploads\/2022\/03\/route62.png\" alt=\"\" class=\"wp-image-7049\" width=\"115\" height=\"115\" srcset=\"https:\/\/lacoupole-france.com\/wp-content\/uploads\/2022\/03\/route62.png 230w, https:\/\/lacoupole-france.com\/wp-content\/uploads\/2022\/03\/route62-150x150.png 150w, https:\/\/lacoupole-france.com\/wp-content\/uploads\/2022\/03\/route62-100x100.png 100w\" sizes=\"(max-width: 115px) 100vw, 115px\" \/><\/a><\/figure><\/div>\n\n\n\n<div class=\"wp-block-column is-layout-flow wp-block-column-is-layout-flow\">\n<figure class=\"wp-block-image size-full is-resized\"><a href=\"https:\/\/www.mmcc.fr\/presentation.php?choixlangue=fr\" target=\"_blank\" rel=\"noopener\"><img decoding=\"async\" src=\"https:\/\/lacoupole-france.com\/wp-content\/uploads\/2022\/03\/mmcc.png\" alt=\"\" class=\"wp-image-6414\" width=\"115\" height=\"115\" srcset=\"https:\/\/lacoupole-france.com\/wp-content\/uploads\/2022\/03\/mmcc.png 230w, https:\/\/lacoupole-france.com\/wp-content\/uploads\/2022\/03\/mmcc-100x100.png 100w, https:\/\/lacoupole-france.com\/wp-content\/uploads\/2022\/03\/mmcc-150x150.png 150w\" sizes=\"(max-width: 115px) 100vw, 115px\" \/><\/a><\/figure><\/div>\n\n\n\n<div class=\"wp-block-column is-layout-flow wp-block-column-is-layout-flow\">\n<figure class=\"wp-block-image size-full is-resized\"><a href=\"https:\/\/www.memhisto.com\/\" target=\"_blank\" rel=\"noopener\"><img decoding=\"async\" src=\"https:\/\/lacoupole-france.com\/wp-content\/uploads\/2022\/04\/memhisto.png\" alt=\"\" class=\"wp-image-7500\" width=\"115\" height=\"115\" srcset=\"https:\/\/lacoupole-france.com\/wp-content\/uploads\/2022\/04\/memhisto.png 230w, https:\/\/lacoupole-france.com\/wp-content\/uploads\/2022\/04\/memhisto-150x150.png 150w, https:\/\/lacoupole-france.com\/wp-content\/uploads\/2022\/04\/memhisto-100x100.png 100w\" sizes=\"(max-width: 115px) 100vw, 115px\" \/><\/a><\/figure><\/div>\n\n\n\n<div class=\"wp-block-column is-layout-flow wp-block-column-is-layout-flow\"><\/div>\n<\/div>\n<\/div><\/div>","protected":false},"excerpt":{"rendered":"<p>Depuis sa cr\u00e9ation en 1997 La Coupole s\u2019associe \u00e0 de nombreux partenaires dans le cadre de ses missions culturelles, p\u00e9dagogiques, m\u00e9morielles et scientifiques. Partenaires institutionnels Partenaires historiques, scientifiques et culturels [&hellip;]<\/p>\n","protected":false},"author":1,"featured_media":0,"parent":0,"menu_order":42,"comment_status":"closed","ping_status":"closed","template":"","meta":{"_acf_changed":false,"_price":"","_stock":"","_tribe_ticket_header":"","_tribe_default_ticket_provider":"","_tribe_ticket_capacity":"0","_ticket_start_date":"","_ticket_end_date":"","_tribe_ticket_show_description":"","_tribe_ticket_show_not_going":false,"_tribe_ticket_use_global_stock":"","_tribe_ticket_global_stock_level":"","_global_stock_mode":"","_global_stock_cap":"","_tribe_rsvp_for_event":"","_tribe_ticket_going_count":"","_tribe_ticket_not_going_count":"","_tribe_tickets_list":"[]","_tribe_ticket_has_attendee_info_fields":false,"footnotes":"","_tec_slr_enabled":"","_tec_slr_layout":""},"class_list":["post-20307","page","type-page","status-publish","hentry"],"acf":[],"yoast_head":"<!-- This site is optimized with the Yoast SEO plugin v27.4 - https:\/\/yoast.com\/product\/yoast-seo-wordpress\/ -->\n<title>Our Partners - La Coupole<\/title>\n<meta name=\"robots\" content=\"index, follow, max-snippet:-1, max-image-preview:large, max-video-preview:-1\" \/>\n<link rel=\"canonical\" href=\"https:\/\/lacoupole-france.com\/en\/our-partners\/\" \/>\n<meta property=\"og:locale\" content=\"en_US\" \/>\n<meta property=\"og:type\" content=\"article\" \/>\n<meta property=\"og:title\" content=\"Our Partners - La Coupole\" \/>\n<meta property=\"og:description\" content=\"Depuis sa cr\u00e9ation en 1997 La Coupole s\u2019associe \u00e0 de nombreux partenaires dans le cadre de ses missions culturelles, p\u00e9dagogiques, m\u00e9morielles et scientifiques. Partenaires institutionnels Partenaires historiques, scientifiques et culturels [&hellip;]\" \/>\n<meta property=\"og:url\" content=\"https:\/\/lacoupole-france.com\/en\/our-partners\/\" \/>\n<meta property=\"og:site_name\" content=\"La Coupole\" \/>\n<meta property=\"article:modified_time\" content=\"2023-07-20T14:06:07+00:00\" \/>\n<meta property=\"og:image\" content=\"https:\/\/lacoupole-france.com\/wp-content\/uploads\/2022\/03\/npdc-tourisme.png\" \/>\n<meta name=\"twitter:card\" content=\"summary_large_image\" \/>\n<meta name=\"twitter:label1\" content=\"Est. reading time\" \/>\n\t<meta name=\"twitter:data1\" content=\"4 minutes\" \/>\n<script type=\"application\/ld+json\" class=\"yoast-schema-graph\">{\"@context\":\"https:\\\/\\\/schema.org\",\"@graph\":[{\"@type\":\"WebPage\",\"@id\":\"https:\\\/\\\/lacoupole-france.com\\\/en\\\/our-partners\\\/\",\"url\":\"https:\\\/\\\/lacoupole-france.com\\\/en\\\/our-partners\\\/\",\"name\":\"Our Partners - La Coupole\",\"isPartOf\":{\"@id\":\"https:\\\/\\\/lacoupole-france.com\\\/en\\\/#website\"},\"primaryImageOfPage\":{\"@id\":\"https:\\\/\\\/lacoupole-france.com\\\/en\\\/our-partners\\\/#primaryimage\"},\"image\":{\"@id\":\"https:\\\/\\\/lacoupole-france.com\\\/en\\\/our-partners\\\/#primaryimage\"},\"thumbnailUrl\":\"https:\\\/\\\/lacoupole-france.com\\\/wp-content\\\/uploads\\\/2022\\\/03\\\/npdc-tourisme.png\",\"datePublished\":\"2021-10-27T06:18:30+00:00\",\"dateModified\":\"2023-07-20T14:06:07+00:00\",\"breadcrumb\":{\"@id\":\"https:\\\/\\\/lacoupole-france.com\\\/en\\\/our-partners\\\/#breadcrumb\"},\"inLanguage\":\"en-US\",\"potentialAction\":[{\"@type\":\"ReadAction\",\"target\":[\"https:\\\/\\\/lacoupole-france.com\\\/en\\\/our-partners\\\/\"]}]},{\"@type\":\"ImageObject\",\"inLanguage\":\"en-US\",\"@id\":\"https:\\\/\\\/lacoupole-france.com\\\/en\\\/our-partners\\\/#primaryimage\",\"url\":\"https:\\\/\\\/lacoupole-france.com\\\/wp-content\\\/uploads\\\/2022\\\/03\\\/npdc-tourisme.png\",\"contentUrl\":\"https:\\\/\\\/lacoupole-france.com\\\/wp-content\\\/uploads\\\/2022\\\/03\\\/npdc-tourisme.png\"},{\"@type\":\"BreadcrumbList\",\"@id\":\"https:\\\/\\\/lacoupole-france.com\\\/en\\\/our-partners\\\/#breadcrumb\",\"itemListElement\":[{\"@type\":\"ListItem\",\"position\":1,\"name\":\"Accueil\",\"item\":\"https:\\\/\\\/lacoupole-france.com\\\/en\\\/\"},{\"@type\":\"ListItem\",\"position\":2,\"name\":\"Our Partners\"}]},{\"@type\":\"WebSite\",\"@id\":\"https:\\\/\\\/lacoupole-france.com\\\/en\\\/#website\",\"url\":\"https:\\\/\\\/lacoupole-france.com\\\/en\\\/\",\"name\":\"La Coupole\",\"description\":\"\",\"potentialAction\":[{\"@type\":\"SearchAction\",\"target\":{\"@type\":\"EntryPoint\",\"urlTemplate\":\"https:\\\/\\\/lacoupole-france.com\\\/en\\\/?s={search_term_string}\"},\"query-input\":{\"@type\":\"PropertyValueSpecification\",\"valueRequired\":true,\"valueName\":\"search_term_string\"}}],\"inLanguage\":\"en-US\"}]}<\/script>\n<!-- \/ Yoast SEO plugin. -->","yoast_head_json":{"title":"Our Partners - La Coupole","robots":{"index":"index","follow":"follow","max-snippet":"max-snippet:-1","max-image-preview":"max-image-preview:large","max-video-preview":"max-video-preview:-1"},"canonical":"https:\/\/lacoupole-france.com\/en\/our-partners\/","og_locale":"en_US","og_type":"article","og_title":"Our Partners - La Coupole","og_description":"Depuis sa cr\u00e9ation en 1997 La Coupole s\u2019associe \u00e0 de nombreux partenaires dans le cadre de ses missions culturelles, p\u00e9dagogiques, m\u00e9morielles et scientifiques. Partenaires institutionnels Partenaires historiques, scientifiques et culturels [&hellip;]","og_url":"https:\/\/lacoupole-france.com\/en\/our-partners\/","og_site_name":"La Coupole","article_modified_time":"2023-07-20T14:06:07+00:00","og_image":[{"url":"https:\/\/lacoupole-france.com\/wp-content\/uploads\/2022\/03\/npdc-tourisme.png","type":"","width":"","height":""}],"twitter_card":"summary_large_image","twitter_misc":{"Est. reading time":"4 minutes"},"schema":{"@context":"https:\/\/schema.org","@graph":[{"@type":"WebPage","@id":"https:\/\/lacoupole-france.com\/en\/our-partners\/","url":"https:\/\/lacoupole-france.com\/en\/our-partners\/","name":"Our Partners - La Coupole","isPartOf":{"@id":"https:\/\/lacoupole-france.com\/en\/#website"},"primaryImageOfPage":{"@id":"https:\/\/lacoupole-france.com\/en\/our-partners\/#primaryimage"},"image":{"@id":"https:\/\/lacoupole-france.com\/en\/our-partners\/#primaryimage"},"thumbnailUrl":"https:\/\/lacoupole-france.com\/wp-content\/uploads\/2022\/03\/npdc-tourisme.png","datePublished":"2021-10-27T06:18:30+00:00","dateModified":"2023-07-20T14:06:07+00:00","breadcrumb":{"@id":"https:\/\/lacoupole-france.com\/en\/our-partners\/#breadcrumb"},"inLanguage":"en-US","potentialAction":[{"@type":"ReadAction","target":["https:\/\/lacoupole-france.com\/en\/our-partners\/"]}]},{"@type":"ImageObject","inLanguage":"en-US","@id":"https:\/\/lacoupole-france.com\/en\/our-partners\/#primaryimage","url":"https:\/\/lacoupole-france.com\/wp-content\/uploads\/2022\/03\/npdc-tourisme.png","contentUrl":"https:\/\/lacoupole-france.com\/wp-content\/uploads\/2022\/03\/npdc-tourisme.png"},{"@type":"BreadcrumbList","@id":"https:\/\/lacoupole-france.com\/en\/our-partners\/#breadcrumb","itemListElement":[{"@type":"ListItem","position":1,"name":"Accueil","item":"https:\/\/lacoupole-france.com\/en\/"},{"@type":"ListItem","position":2,"name":"Our Partners"}]},{"@type":"WebSite","@id":"https:\/\/lacoupole-france.com\/en\/#website","url":"https:\/\/lacoupole-france.com\/en\/","name":"La Coupole","description":"","potentialAction":[{"@type":"SearchAction","target":{"@type":"EntryPoint","urlTemplate":"https:\/\/lacoupole-france.com\/en\/?s={search_term_string}"},"query-input":{"@type":"PropertyValueSpecification","valueRequired":true,"valueName":"search_term_string"}}],"inLanguage":"en-US"}]}},"ticketed":false,"_links":{"self":[{"href":"https:\/\/lacoupole-france.com\/en\/wp-json\/wp\/v2\/pages\/20307","targetHints":{"allow":["GET"]}}],"collection":[{"href":"https:\/\/lacoupole-france.com\/en\/wp-json\/wp\/v2\/pages"}],"about":[{"href":"https:\/\/lacoupole-france.com\/en\/wp-json\/wp\/v2\/types\/page"}],"author":[{"embeddable":true,"href":"https:\/\/lacoupole-france.com\/en\/wp-json\/wp\/v2\/users\/1"}],"replies":[{"embeddable":true,"href":"https:\/\/lacoupole-france.com\/en\/wp-json\/wp\/v2\/comments?post=20307"}],"version-history":[{"count":4,"href":"https:\/\/lacoupole-france.com\/en\/wp-json\/wp\/v2\/pages\/20307\/revisions"}],"predecessor-version":[{"id":22655,"href":"https:\/\/lacoupole-france.com\/en\/wp-json\/wp\/v2\/pages\/20307\/revisions\/22655"}],"wp:attachment":[{"href":"https:\/\/lacoupole-france.com\/en\/wp-json\/wp\/v2\/media?parent=20307"}],"curies":[{"name":"wp","href":"https:\/\/api.w.org\/{rel}","templated":true}]}}