{"id":22944,"date":"2021-10-18T15:36:46","date_gmt":"2021-10-18T13:36:46","guid":{"rendered":"https:\/\/lacoupole-france.com\/la-coupole-centre-dhistoire-et-planetarium-3d\/"},"modified":"2023-07-31T16:41:50","modified_gmt":"2023-07-31T14:41:50","slug":"history-centre-and-3d-planetarium","status":"publish","type":"page","link":"https:\/\/lacoupole-france.com\/en\/history-centre-and-3d-planetarium\/","title":{"rendered":"La Coupole, History Centre and 3D Planetarium"},"content":{"rendered":"\r\n    \r\n    <section class=\"header-content mb-5\" style=\"background-image: url('https:\/\/lacoupole-france.com\/wp-content\/uploads\/2021\/10\/La-coupole-centre-histoire-et-planetarium-3D-scaled.jpg');\">\r\n\r\n                    <div class=\"title-main \">\r\n                <h1 class=\"title1\"><i>La Coupole<\/i>, History Centre and 3D Planetarium<\/h1>\r\n                            <\/div>\r\n        \r\n\r\n        \r\n        \r\n            <\/section>\r\n\r\n\n\n\n    <section class=\"bloc-contenu-sous-slider\">\n        <div class=\"container\">\n            <div class=\"row-container\">\n                                        <div class=\"col-lg-12\">\n                                                <div class=\"information-content\">\n                                                            <p><p><span style=\"font-weight: 400;\">Located 5 km from Saint-Omer (in the Pas-de-Calais department) <\/span><i><span style=\"font-weight: 400;\">La Coupole<\/span><\/i><span style=\"font-weight: 400;\"> is one of the most impressive historic vestiges of WW2 in Europe. Initially built as the first German base for launching its V2 rockets, the site was rehabilitated in 1997 as a Centre for History and Remembrance. In 2012, a Resource and Research Centre, and 3D Planetarium were added to its science facilities.<\/span><\/p>\n<\/p>\n                                                    <\/div>\n                        <\/div>\n                                            <\/div>\n            <\/div>\n    <\/section>\n\n\n\n\r\n    \r\n\r\n\r\n            <section class=\"bloc-contenu-image right\">\r\n            <div class=\"container\">\r\n\r\n                                    <div class=\"row zone-image\">\r\n                        <div class=\"col-lg-7\">\r\n                            <div class=\"img-mise-en-avant\" style=\"background-image:url(https:\/\/lacoupole-france.com\/wp-content\/uploads\/2022\/01\/Dome-ressere.jpeg)\"><\/div>\r\n                                                                            <\/div>\r\n                        <div class=\"col-lg-5\">\r\n\r\n                            \r\n                                                            <div class=\"paragraphe\" style='margin-top:40px'>\r\n                                    <h2><strong><i>La Coupole<\/i>: a historic monument<\/strong><\/h2>\n<p><strong><span style=\"font-weight: 400;\">The work to build <\/span><i><span style=\"font-weight: 400;\">La Coupole<\/span><\/i><span style=\"font-weight: 400;\"> was started by the Todt organisation in the autumn of 1943. The site selected for it, Helfaut in the north of France, was within the range of the first rocket, the V2, which was aimed at London. This enormous underground bunker containing hundreds of metres of tunnels was covered by a dome concealing the launch preparation chamber. Its semi-spherical reinforced concrete structure was 77 metres in diameter and 5.5 metres thick. It weighed 55,000 tonnes. Thwarted by the constant Allied bombing, then by the Normandy landings, the site never became operational.\u00a0<\/span><\/strong><\/p>\n                                <\/div>\r\n                                                            \r\n\r\n                        <\/div>\r\n                                            <\/div>\r\n\r\n        <\/section>\r\n    \r\n\n\n\r\n    \r\n\r\n\r\n            <section class=\"bloc-contenu-image left\">\r\n            <div class=\"container\">\r\n                                    <div class=\"row zone-image\">\r\n                        <div class=\"col-lg-5 zone-image__col\">\r\n                            \r\n                                                            <div class=\"paragraphe\" style='margin-top:40px'>\r\n                                    <h2><strong><i>La Coupole <\/i>: History and Remembrance Centre<\/strong><\/h2>\n<p><i><span style=\"font-weight: 400;\">La Coupole<\/span><\/i><span style=\"font-weight: 400;\"> is now the home of a History and Remembrance Centre, designed to improve our understanding of the historic and scientific importance of the Second World War, from the Occupation to the hidden face of the space race. Its facilities have an educational role, in cooperation with the French department of Education. Not only does it play a major role in remembrance, history, and science, <\/span><i><span style=\"font-weight: 400;\">La Coupole<\/span><\/i><span style=\"font-weight: 400;\"> also has a humanistic vocation, fostering reflection, awareness-raising, and good citizenship.<\/span><\/p>\n                                                                    <\/div>\r\n                            \r\n                        <\/div>\r\n                        <div class=\"col-lg-7\">\r\n                                                            <div class=\"img-mise-en-avant\" style=\"background-image:url(https:\/\/lacoupole-france.com\/wp-content\/uploads\/2022\/01\/20210223-151736-scaled.jpg)\"><\/div>\r\n                                                                                    <\/div>\r\n                    <\/div>\r\n                \r\n                \r\n            <\/div>\r\n        <\/section>\r\n    \r\n\n\n\r\n    \r\n\r\n\r\n            <section class=\"bloc-contenu-image right\">\r\n            <div class=\"container\">\r\n\r\n                                    <div class=\"row zone-image\">\r\n                        <div class=\"col-lg-7\">\r\n                            <div class=\"img-mise-en-avant\" style=\"background-image:url(https:\/\/lacoupole-france.com\/wp-content\/uploads\/2022\/01\/20210519-104754.jpg)\"><\/div>\r\n                                                                            <\/div>\r\n                        <div class=\"col-lg-5\">\r\n\r\n                            \r\n                                                            <div class=\"paragraphe\" style='margin-top:40px'>\r\n                                    <h2><strong><i>La Coupole <\/i>: 3D Planetarium<\/strong><\/h2>\n<p><span style=\"font-weight: 400;\">At this old launching base, <\/span><i><span style=\"font-weight: 400;\">La Coupole<\/span><\/i><span style=\"font-weight: 400;\">\u2019s Planetarium continues the theme of the space race, while enhancing our ever-expanding knowledge of the universe.\u00a0 It is accessible to all people (families, schools, teachers, students, and tourists), with audio headsets providing commentary in several languages. Inside a spherical bubble equipped with 10K-3D laser technology, said to be the first of its kind, <\/span><i><span style=\"font-weight: 400;\">La Coupole<\/span><\/i><span style=\"font-weight: 400;\"> offers visitors total immersion in outer space in order to gain better understanding of the world that surrounds us. It hosts many conferences held in cooperation with other scientific centres or universities.<\/span><\/p>\n                                <\/div>\r\n                                                            \r\n\r\n                        <\/div>\r\n                                            <\/div>\r\n\r\n        <\/section>\r\n    \r\n\n\n\r\n    \r\n\r\n\r\n            <section class=\"bloc-contenu-image left\">\r\n            <div class=\"container\">\r\n                                    <div class=\"row zone-image\">\r\n                        <div class=\"col-lg-5 zone-image__col\">\r\n                            \r\n                                                            <div class=\"paragraphe\" style='margin-top:40px'>\r\n                                    <h2><strong><i>La Coupole <\/i>: Resource and Research Centre<\/strong><\/h2>\n<p><i><span style=\"font-weight: 400;\">La Coupole<\/span><\/i><span style=\"font-weight: 400;\"> has its own Resource and Research Centre comprising a public reading room open to all sorts of users, whether the families of former deportees, or researchers, teachers and their pupils. Together with the History Centre and the 3D Planetarium, the Resource and Research Centre is the third founding pillar of the site. Alongside the conservation, promotion and transmission of its archives, the Resource Centre actively takes part in projects initiated and managed by <\/span><i><span style=\"font-weight: 400;\">La Coupole<\/span><\/i><span style=\"font-weight: 400;\"> (publications, exhibitions, etc.).<\/span><\/p>\n                                                                    <\/div>\r\n                            \r\n                        <\/div>\r\n                        <div class=\"col-lg-7\">\r\n                                                            <div class=\"img-mise-en-avant\" style=\"background-image:url(https:\/\/lacoupole-france.com\/wp-content\/uploads\/2022\/03\/header-travaux-de-recherches.png)\"><\/div>\r\n                                                                                    <\/div>\r\n                    <\/div>\r\n                \r\n                \r\n            <\/div>\r\n        <\/section>\r\n    \r\n","protected":false},"excerpt":{"rendered":"","protected":false},"author":1,"featured_media":0,"parent":0,"menu_order":62,"comment_status":"closed","ping_status":"closed","template":"","meta":{"_price":"","_stock":"","_tribe_ticket_header":"","_tribe_default_ticket_provider":"","_tribe_ticket_capacity":"0","_ticket_start_date":"","_ticket_end_date":"","_tribe_ticket_show_description":"","_tribe_ticket_show_not_going":false,"_tribe_ticket_use_global_stock":"","_tribe_ticket_global_stock_level":"","_global_stock_mode":"","_global_stock_cap":"","_tribe_rsvp_for_event":"","_tribe_ticket_going_count":"","_tribe_ticket_not_going_count":"","_tribe_tickets_list":"[]","_tribe_ticket_has_attendee_info_fields":false,"footnotes":"","_tec_slr_enabled":"","_tec_slr_layout":""},"acf":[],"yoast_head":"<!-- This site is optimized with the Yoast SEO plugin v21.9.1 - https:\/\/yoast.com\/wordpress\/plugins\/seo\/ -->\n<title>La Coupole, History Centre and 3D Planetarium - La Coupole<\/title>\n<meta name=\"description\" content=\"La Coupole regroupe \u00e0 la fois un centre d&#039;Histoire et de M\u00e9moire, un Plan\u00e9tarium 3D mais aussi un centre de Ressources et de Recherches.\" \/>\n<meta name=\"robots\" content=\"index, follow, max-snippet:-1, max-image-preview:large, max-video-preview:-1\" \/>\n<link rel=\"canonical\" href=\"https:\/\/lacoupole-france.com\/en\/history-centre-and-3d-planetarium\/\" \/>\n<meta property=\"og:locale\" content=\"en_US\" \/>\n<meta property=\"og:type\" content=\"article\" \/>\n<meta property=\"og:title\" content=\"La Coupole, History Centre and 3D Planetarium - La Coupole\" \/>\n<meta property=\"og:description\" content=\"La Coupole regroupe \u00e0 la fois un centre d&#039;Histoire et de M\u00e9moire, un Plan\u00e9tarium 3D mais aussi un centre de Ressources et de Recherches.\" \/>\n<meta property=\"og:url\" content=\"https:\/\/lacoupole-france.com\/en\/history-centre-and-3d-planetarium\/\" \/>\n<meta property=\"og:site_name\" content=\"La Coupole\" \/>\n<meta property=\"article:modified_time\" content=\"2023-07-31T14:41:50+00:00\" \/>\n<meta name=\"twitter:card\" content=\"summary_large_image\" \/>\n<script type=\"application\/ld+json\" class=\"yoast-schema-graph\">{\"@context\":\"https:\/\/schema.org\",\"@graph\":[{\"@type\":\"WebPage\",\"@id\":\"https:\/\/lacoupole-france.com\/en\/history-centre-and-3d-planetarium\/\",\"url\":\"https:\/\/lacoupole-france.com\/en\/history-centre-and-3d-planetarium\/\",\"name\":\"La Coupole, History Centre and 3D Planetarium - La Coupole\",\"isPartOf\":{\"@id\":\"https:\/\/lacoupole-france.com\/en\/#website\"},\"datePublished\":\"2021-10-18T13:36:46+00:00\",\"dateModified\":\"2023-07-31T14:41:50+00:00\",\"description\":\"La Coupole regroupe \u00e0 la fois un centre d'Histoire et de M\u00e9moire, un Plan\u00e9tarium 3D mais aussi un centre de Ressources et de Recherches.\",\"breadcrumb\":{\"@id\":\"https:\/\/lacoupole-france.com\/en\/history-centre-and-3d-planetarium\/#breadcrumb\"},\"inLanguage\":\"en-US\",\"potentialAction\":[{\"@type\":\"ReadAction\",\"target\":[\"https:\/\/lacoupole-france.com\/en\/history-centre-and-3d-planetarium\/\"]}]},{\"@type\":\"BreadcrumbList\",\"@id\":\"https:\/\/lacoupole-france.com\/en\/history-centre-and-3d-planetarium\/#breadcrumb\",\"itemListElement\":[{\"@type\":\"ListItem\",\"position\":1,\"name\":\"Accueil\",\"item\":\"https:\/\/lacoupole-france.com\/en\/\"},{\"@type\":\"ListItem\",\"position\":2,\"name\":\"La Coupole, History Centre and 3D Planetarium\"}]},{\"@type\":\"WebSite\",\"@id\":\"https:\/\/lacoupole-france.com\/en\/#website\",\"url\":\"https:\/\/lacoupole-france.com\/en\/\",\"name\":\"La Coupole\",\"description\":\"\",\"potentialAction\":[{\"@type\":\"SearchAction\",\"target\":{\"@type\":\"EntryPoint\",\"urlTemplate\":\"https:\/\/lacoupole-france.com\/en\/?s={search_term_string}\"},\"query-input\":\"required name=search_term_string\"}],\"inLanguage\":\"en-US\"}]}<\/script>\n<!-- \/ Yoast SEO plugin. -->","yoast_head_json":{"title":"La Coupole, History Centre and 3D Planetarium - La Coupole","description":"La Coupole regroupe \u00e0 la fois un centre d'Histoire et de M\u00e9moire, un Plan\u00e9tarium 3D mais aussi un centre de Ressources et de Recherches.","robots":{"index":"index","follow":"follow","max-snippet":"max-snippet:-1","max-image-preview":"max-image-preview:large","max-video-preview":"max-video-preview:-1"},"canonical":"https:\/\/lacoupole-france.com\/en\/history-centre-and-3d-planetarium\/","og_locale":"en_US","og_type":"article","og_title":"La Coupole, History Centre and 3D Planetarium - La Coupole","og_description":"La Coupole regroupe \u00e0 la fois un centre d'Histoire et de M\u00e9moire, un Plan\u00e9tarium 3D mais aussi un centre de Ressources et de Recherches.","og_url":"https:\/\/lacoupole-france.com\/en\/history-centre-and-3d-planetarium\/","og_site_name":"La Coupole","article_modified_time":"2023-07-31T14:41:50+00:00","twitter_card":"summary_large_image","schema":{"@context":"https:\/\/schema.org","@graph":[{"@type":"WebPage","@id":"https:\/\/lacoupole-france.com\/en\/history-centre-and-3d-planetarium\/","url":"https:\/\/lacoupole-france.com\/en\/history-centre-and-3d-planetarium\/","name":"La Coupole, History Centre and 3D Planetarium - La Coupole","isPartOf":{"@id":"https:\/\/lacoupole-france.com\/en\/#website"},"datePublished":"2021-10-18T13:36:46+00:00","dateModified":"2023-07-31T14:41:50+00:00","description":"La Coupole regroupe \u00e0 la fois un centre d'Histoire et de M\u00e9moire, un Plan\u00e9tarium 3D mais aussi un centre de Ressources et de Recherches.","breadcrumb":{"@id":"https:\/\/lacoupole-france.com\/en\/history-centre-and-3d-planetarium\/#breadcrumb"},"inLanguage":"en-US","potentialAction":[{"@type":"ReadAction","target":["https:\/\/lacoupole-france.com\/en\/history-centre-and-3d-planetarium\/"]}]},{"@type":"BreadcrumbList","@id":"https:\/\/lacoupole-france.com\/en\/history-centre-and-3d-planetarium\/#breadcrumb","itemListElement":[{"@type":"ListItem","position":1,"name":"Accueil","item":"https:\/\/lacoupole-france.com\/en\/"},{"@type":"ListItem","position":2,"name":"La Coupole, History Centre and 3D Planetarium"}]},{"@type":"WebSite","@id":"https:\/\/lacoupole-france.com\/en\/#website","url":"https:\/\/lacoupole-france.com\/en\/","name":"La Coupole","description":"","potentialAction":[{"@type":"SearchAction","target":{"@type":"EntryPoint","urlTemplate":"https:\/\/lacoupole-france.com\/en\/?s={search_term_string}"},"query-input":"required name=search_term_string"}],"inLanguage":"en-US"}]}},"ticketed":false,"_links":{"self":[{"href":"https:\/\/lacoupole-france.com\/en\/wp-json\/wp\/v2\/pages\/22944"}],"collection":[{"href":"https:\/\/lacoupole-france.com\/en\/wp-json\/wp\/v2\/pages"}],"about":[{"href":"https:\/\/lacoupole-france.com\/en\/wp-json\/wp\/v2\/types\/page"}],"author":[{"embeddable":true,"href":"https:\/\/lacoupole-france.com\/en\/wp-json\/wp\/v2\/users\/1"}],"replies":[{"embeddable":true,"href":"https:\/\/lacoupole-france.com\/en\/wp-json\/wp\/v2\/comments?post=22944"}],"version-history":[{"count":9,"href":"https:\/\/lacoupole-france.com\/en\/wp-json\/wp\/v2\/pages\/22944\/revisions"}],"predecessor-version":[{"id":23147,"href":"https:\/\/lacoupole-france.com\/en\/wp-json\/wp\/v2\/pages\/22944\/revisions\/23147"}],"wp:attachment":[{"href":"https:\/\/lacoupole-france.com\/en\/wp-json\/wp\/v2\/media?parent=22944"}],"curies":[{"name":"wp","href":"https:\/\/api.w.org\/{rel}","templated":true}]}}