{"id":20415,"date":"2021-04-16T10:48:39","date_gmt":"2021-04-16T08:48:39","guid":{"rendered":"https:\/\/lacoupole-france.com\/?page_id=20415"},"modified":"2023-08-17T15:01:24","modified_gmt":"2023-08-17T13:01:24","slug":"het-3d-planetarium-van-la-coupole","status":"publish","type":"page","link":"https:\/\/lacoupole-france.com\/nl\/het-3d-planetarium-van-la-coupole\/","title":{"rendered":"Het 3D-Planetarium van la coupole"},"content":{"rendered":"\r\n    \r\n    <section class=\"header-content mb-5\" style=\"background-image: url('https:\/\/lacoupole-france.com\/wp-content\/uploads\/2021\/10\/Decouvrir-le-planetarium-3D-scaled.jpg');\">\r\n\r\n                    <div class=\"title-main \">\r\n                <h1 class=\"title1\">HET 3D-PLANETARIUM VAN LA COUPOLE<\/h1>\r\n                            <\/div>\r\n        \r\n\r\n        \r\n        \r\n            <\/section>\r\n\r\n\n\n    <section class=\"blocs-agenda-tarifs\">\r\n        <div class=\"container-fluid\">\r\n            <div class=\"row\">\r\n\r\n                \r\n                    \r\n\r\n                        \r\n                    \r\n\r\n                        \r\n                    \r\n\r\n                        \r\n                    \r\n                \r\n                \r\n                    \r\n                        <div class=\"col-lg-4 bloc-icon\">\r\n                            <div class=\"row justify-content-center h-100\">\r\n\r\n                                <div class=\"col-12 col-lg-9\">\r\n                                    <div class=\"title\">\r\n                                        Tarieven                                     <\/div>\r\n                                    <div class=\"info-bloc\">\r\n                                        <p><span style=\"font-weight: 400\">Raadpleeg al onze tarieven<\/span><\/p>\n                                    <\/div>\r\n                                <\/div>\r\n\r\n                                <div class=\"col-lg-3 col-12 text-center\">\r\n                                    <img decoding=\"async\" class=\"icon-img\" src=\"https:\/\/lacoupole-france.com\/wp-content\/uploads\/2021\/04\/icon-ticket.png\" alt=\"\">\r\n                                <\/div>\r\n\r\n                                \r\n                                                                            <div class=\"button__wrapper\">\r\n                                            <a href=\"https:\/\/lacoupole-france.com\/nl\/tarieven\/\" class=\"btn-white-w-border\">\r\n\r\n                                                                                                    Tarieven bekijken                                                \r\n                                            <\/a>\r\n                                        <\/div>\r\n                                    \r\n                                \r\n                            <\/div>\r\n                        <\/div>\r\n\r\n                    \r\n                        <div class=\"col-lg-4 bloc-icon\">\r\n                            <div class=\"row justify-content-center h-100\">\r\n\r\n                                <div class=\"col-12 col-lg-9\">\r\n                                    <div class=\"title\">\r\n                                        Programma                                     <\/div>\r\n                                    <div class=\"info-bloc\">\r\n                                        <p><span style=\"font-weight: 400\">Sessies tijdens schoolvakanties (zone B)\u00a0<\/span><\/p>\n                                    <\/div>\r\n                                <\/div>\r\n\r\n                                <div class=\"col-lg-3 col-12 text-center\">\r\n                                    <img decoding=\"async\" class=\"icon-img\" src=\"https:\/\/lacoupole-france.com\/wp-content\/uploads\/2021\/04\/logo_programme_video.png\" alt=\"\">\r\n                                <\/div>\r\n\r\n                                \r\n                                                                            <div class=\"button__wrapper\">\r\n                                            <a href=\"https:\/\/lacoupole-france.com\/nl\/het-3d-planetarium-van-la-coupole\/programmering-tijdens-de-schoolvakanties\/\" class=\"btn-white-w-border\">\r\n\r\n                                                                                                    Meer weten                                                \r\n                                            <\/a>\r\n                                        <\/div>\r\n                                    \r\n                                \r\n                            <\/div>\r\n                        <\/div>\r\n\r\n                    \r\n                        <div class=\"col-lg-4 bloc-icon\">\r\n                            <div class=\"row justify-content-center h-100\">\r\n\r\n                                <div class=\"col-12 col-lg-9\">\r\n                                    <div class=\"title\">\r\n                                        Programma                                    <\/div>\r\n                                    <div class=\"info-bloc\">\r\n                                        <p>Sessies buiten de schoolvakanties (zone B)<\/p>\n                                    <\/div>\r\n                                <\/div>\r\n\r\n                                <div class=\"col-lg-3 col-12 text-center\">\r\n                                    <img decoding=\"async\" class=\"icon-img\" src=\"https:\/\/lacoupole-france.com\/wp-content\/uploads\/2021\/04\/logo_programme_video.png\" alt=\"\">\r\n                                <\/div>\r\n\r\n                                \r\n                                                                            <div class=\"button__wrapper\">\r\n                                            <a href=\"https:\/\/lacoupole-france.com\/nl\/het-3d-planetarium-van-la-coupole\/programmering-buiten-schoolvakanties\/\" class=\"btn-white-w-border\">\r\n\r\n                                                                                                    Meer weten                                                \r\n                                            <\/a>\r\n                                        <\/div>\r\n                                    \r\n                                \r\n                            <\/div>\r\n                        <\/div>\r\n\r\n                    \r\n                \r\n            <\/div>\r\n        <\/div>\r\n    <\/section>\r\n\r\n\n\n\n    <section class=\"bloc-contenu-sous-slider\">\n        <div class=\"container\">\n            <div class=\"row-container\">\n                                    <div class=\"col-lg-10\">\n                                            <div class=\"information-content\">\n                                                            <p><p><i><span style=\"font-weight: 400;\">La Coupole<\/span><\/i><span style=\"font-weight: 400;\">, gelegen in Saint-Omer in Pas-de-Calais, beschikt over een ultramodern digitaal 3D-Planetarium. Een voor de hand liggende keuze in de plaats waar de verovering van de ruimte op tragische wijze begon. In 2021, in een volledig vernieuwde faciliteit met de nieuwste technologische ontwikkelingen, krijgt de ontdekking van de ruimte een nieuwe dimensie.<\/span><\/p>\n<\/p>\n                                                    <\/div>\n                        <\/div>\n                                                    <div class=\"col-lg-2 d-flex -flex-column align-items-center\">\n                                <div class=\"accessibility-buttons\">\n                                    <div class=\"eye-button-accessibility\" alt=\"Acc\u00e8s aux malvoyants\">\n\n                                    <\/div>\n                                    <span class=\"vertical-separator\"><\/span>\n                                    <div class=\"font-size-accessibility\" alt=\"Grossissement\/Rapetissement des textes\">\n\n                                    <\/div>\n                                <\/div>\n                            <\/div>\n\n                                            <\/div>\n            <\/div>\n    <\/section>\n\n\n\n\r\n    \r\n\r\n\r\n            <section class=\"bloc-contenu-image right\">\r\n            <div class=\"container\">\r\n\r\n                                    <div class=\"row zone-image\">\r\n                        <div class=\"col-lg-7\">\r\n                            <div class=\"img-mise-en-avant\" style=\"background-image:url(https:\/\/lacoupole-france.com\/wp-content\/uploads\/2021\/10\/planetarium-3D-La-Coupole-scaled.jpg)\"><\/div>\r\n                                                                            <\/div>\r\n                        <div class=\"col-lg-5\">\r\n\r\n                            \r\n                                                            <div class=\"paragraphe\" style='margin-top:40px'>\r\n                                    <h2><strong>Ontdek de wonderen van het heelal in totale onderdompeling!<\/strong><\/h2>\n<p><span style=\"font-weight: 400;\">Het was vanaf <\/span><i><span style=\"font-weight: 400;\">La Coupole<\/span><\/i><span style=\"font-weight: 400;\"> dat de verschrikkelijke V2&#8217;s, de voorouders van de moderne raketten, zouden opstijgen. Ontdek vandaag, op de voormalige lanceerbasis, het heelal in gezelschap van onze animatoren, in het hart van een 360\u00b0\u00a0projectiezaal uitgerust met revolutionaire 3D-technologie. Zweef door het heelal, vlieg naar de maan aan boord van de <\/span><i><span style=\"font-weight: 400;\">Saturnus\u00a0V<\/span><\/i><span style=\"font-weight: 400;\">, zet voet op Mars&#8230; Een onvergetelijke ervaring voor het hele gezin!<\/span><\/p>\n                                <\/div>\r\n                                                            \r\n\r\n                        <\/div>\r\n                                                    <div class=\"container\">\r\n\r\n                                <div class=\"row zone-image \">\r\n                                    <div class=\"bloc-orange w-100 mt-5\">\r\n                                        <h2 style=\"text-align: center;\"><strong>Een ultramodern planetarium dat uniek is in de wereld!<\/strong><\/h2>\n<p style=\"text-align: center;\"><span style=\"font-weight: 400;\">Met een hemisferisch scherm van 360\u00b0 met een diameter van 15\u00a0meter, een 15\u00b0\u00a0hellende vloer en een 5.2\u00a0ruimtelijk geluidssysteem biedt het Planetarium toeschouwers een totale onderdompeling in de ruimte en de wetenschap. De zitplaatsen zijn uitgerust met een stemkastje om de sessies interactief* te maken. De films worden in 3D geprojecteerd door 12\u00a0laser-videoprojectoren, gekoppeld aan een astronomische simulator die 360\u00b0-beelden met ultrahoge resolutie (10K: 10\u00a0miljoen pixels). Deze buitengewone technologie, onge\u00ebvenaard in de wereld, zorgt voor een ongelooflijke finesse en beeldkwaliteit, die u de indruk geven dat u zich onder een wolkeloze hemel van absolute zuiverheid bevindt.<\/span><\/p>\n<p style=\"text-align: center;\"><span style=\"font-weight: 400;\">* Stemmen is alleen mogelijk tijdens specifieke sessies.<\/span><\/p>\n<p>&nbsp;<\/p>\n                                    <\/div>\r\n                                <\/div>\r\n                            <\/div>\r\n                                            <\/div>\r\n\r\n        <\/section>\r\n    \r\n\n\n\r\n    \r\n\r\n\r\n            <section class=\"bloc-contenu-image left\">\r\n            <div class=\"container\">\r\n                                    <div class=\"row zone-image\">\r\n                        <div class=\"col-lg-5 zone-image__col\">\r\n                            \r\n                                                            <div class=\"paragraphe\" style='margin-top:40px'>\r\n                                    <h2><strong>Evoluerende programmatie<\/strong><\/h2>\n<p><span style=\"font-weight: 400;\">Het hele jaar door biedt het 3D-Planetarium een gevarieerd, toegankelijk en educatief programma over verschillende onderwerpen, zowel ruimtelijk als historisch. Met minimaal 4\u00a0sessies per dag voor het grote publiek, elk met een ander thema, vindt u zeker een projectie die aan uw verwachtingen voldoet. Het programma biedt regelmatig nieuwigheden, zowel in de vertoonde films als in de onderwerpen die tijdens de sessie door de bemiddelaars worden besproken. Deze laatsten, die zowel piloten van het Planetarium als gidsen op uw ruimtereis zijn, zullen hun passie voor wetenschap en geschiedenis met u delen en uw vragen beantwoorden tijdens een discussie. Elke sessie duurt 50\u00a0minuten tot 1\u00a0uur en begint met een ruimtereis, becommentarieerd door onze animatoren (ongeveer 15\u00a0minuten), gevolgd door een thematische film (35\u00a0minuten).<\/span><\/p>\n                                                                    <\/div>\r\n                            \r\n                        <\/div>\r\n                        <div class=\"col-lg-7\">\r\n                                                            <div class=\"img-mise-en-avant\" style=\"background-image:url(https:\/\/lacoupole-france.com\/wp-content\/uploads\/2021\/10\/Decouverte-du-planetarium-3D-scaled.jpg)\"><\/div>\r\n                                                                                    <\/div>\r\n                    <\/div>\r\n                \r\n                                    <div class=\"container\">\r\n                        <div class=\"row zone-image \">\r\n                            <div class=\"bloc-orange w-100 mt-5\">\r\n                                <h2 style=\"text-align: center;\"><strong>De verschillende programmeringstijden<\/strong><\/h2>\n<p style=\"text-align: center;\"><span style=\"font-weight: 400;\">Ongeacht de tijd van het jaar biedt het 3D-Planetarium dagelijks openbare sessies aan om 12u15, 14u00, 15u15 en 16u45 en een extra sessie om 11u00 in het weekend en op feestdagen en tijdens de schoolvakanties (zone\u00a0B). Tijdens de maanden juli en augustus is er ook een sessie om 18u00.<\/span><\/p>\n<p style=\"text-align: center;\">\n<p style=\"text-align: center;\"><span style=\"font-weight: 400;\">Voor informatie over het programma <strong>buiten <\/strong>de schoolvakanties, <a href=\"https:\/\/lacoupole-france.com\/planetarium-3d\/programmation-hors-vacances-scolaires\/\">klik hier<\/a>.<\/span><\/p>\n<p style=\"text-align: center;\"><span style=\"font-weight: 400;\">Voor informatie over het programma <strong>tijdens<\/strong> de schoolvakanties (zone\u00a0B), <a href=\"https:\/\/lacoupole-france.com\/planetarium-3d\/programmation-vacances-scolaires\/\">klik hier<\/a>.<\/span><\/p>\n                            <\/div>\r\n                        <\/div>\r\n                    <\/div>\r\n                \r\n            <\/div>\r\n        <\/section>\r\n    \r\n\n\n<div class=\"wp-block-paragraph wp-block\"><div class=\"container\">\n<p><\/p>\n<\/div><\/div>","protected":false},"excerpt":{"rendered":"","protected":false},"author":7,"featured_media":0,"parent":0,"menu_order":113,"comment_status":"closed","ping_status":"closed","template":"","meta":{"_price":"","_stock":"","_tribe_ticket_header":"","_tribe_default_ticket_provider":"","_tribe_ticket_capacity":"0","_ticket_start_date":"","_ticket_end_date":"","_tribe_ticket_show_description":"","_tribe_ticket_show_not_going":false,"_tribe_ticket_use_global_stock":"","_tribe_ticket_global_stock_level":"","_global_stock_mode":"","_global_stock_cap":"","_tribe_rsvp_for_event":"","_tribe_ticket_going_count":"","_tribe_ticket_not_going_count":"","_tribe_tickets_list":"[]","_tribe_ticket_has_attendee_info_fields":false,"footnotes":"","_tec_slr_enabled":"","_tec_slr_layout":""},"acf":[],"yoast_head":"<!-- This site is optimized with the Yoast SEO plugin v21.9.1 - https:\/\/yoast.com\/wordpress\/plugins\/seo\/ -->\n<title>Het 3D-Planetarium van la coupole - La Coupole<\/title>\n<meta name=\"description\" content=\"D\u00e9couvrez le Plan\u00e9tarium 3D abrit\u00e9 \u00e0 La Coupole. Explorez les merveilles de l&#039;Univers et plongez dans une totale immersion.\" \/>\n<meta name=\"robots\" content=\"index, follow, max-snippet:-1, max-image-preview:large, max-video-preview:-1\" \/>\n<link rel=\"canonical\" href=\"https:\/\/lacoupole-france.com\/nl\/het-3d-planetarium-van-la-coupole\/\" \/>\n<meta property=\"og:locale\" content=\"nl_NL\" \/>\n<meta property=\"og:type\" content=\"article\" \/>\n<meta property=\"og:title\" content=\"Het 3D-Planetarium van la coupole - La Coupole\" \/>\n<meta property=\"og:description\" content=\"D\u00e9couvrez le Plan\u00e9tarium 3D abrit\u00e9 \u00e0 La Coupole. Explorez les merveilles de l&#039;Univers et plongez dans une totale immersion.\" \/>\n<meta property=\"og:url\" content=\"https:\/\/lacoupole-france.com\/nl\/het-3d-planetarium-van-la-coupole\/\" \/>\n<meta property=\"og:site_name\" content=\"La Coupole\" \/>\n<meta property=\"article:modified_time\" content=\"2023-08-17T13:01:24+00:00\" \/>\n<meta name=\"twitter:card\" content=\"summary_large_image\" \/>\n<script type=\"application\/ld+json\" class=\"yoast-schema-graph\">{\"@context\":\"https:\/\/schema.org\",\"@graph\":[{\"@type\":\"WebPage\",\"@id\":\"https:\/\/lacoupole-france.com\/nl\/het-3d-planetarium-van-la-coupole\/\",\"url\":\"https:\/\/lacoupole-france.com\/nl\/het-3d-planetarium-van-la-coupole\/\",\"name\":\"Het 3D-Planetarium van la coupole - La Coupole\",\"isPartOf\":{\"@id\":\"https:\/\/lacoupole-france.com\/nl\/#website\"},\"datePublished\":\"2021-04-16T08:48:39+00:00\",\"dateModified\":\"2023-08-17T13:01:24+00:00\",\"description\":\"D\u00e9couvrez le Plan\u00e9tarium 3D abrit\u00e9 \u00e0 La Coupole. Explorez les merveilles de l'Univers et plongez dans une totale immersion.\",\"breadcrumb\":{\"@id\":\"https:\/\/lacoupole-france.com\/nl\/het-3d-planetarium-van-la-coupole\/#breadcrumb\"},\"inLanguage\":\"nl-NL\",\"potentialAction\":[{\"@type\":\"ReadAction\",\"target\":[\"https:\/\/lacoupole-france.com\/nl\/het-3d-planetarium-van-la-coupole\/\"]}]},{\"@type\":\"BreadcrumbList\",\"@id\":\"https:\/\/lacoupole-france.com\/nl\/het-3d-planetarium-van-la-coupole\/#breadcrumb\",\"itemListElement\":[{\"@type\":\"ListItem\",\"position\":1,\"name\":\"Accueil\",\"item\":\"https:\/\/lacoupole-france.com\/nl\/\"},{\"@type\":\"ListItem\",\"position\":2,\"name\":\"Het 3D-Planetarium van la coupole\"}]},{\"@type\":\"WebSite\",\"@id\":\"https:\/\/lacoupole-france.com\/nl\/#website\",\"url\":\"https:\/\/lacoupole-france.com\/nl\/\",\"name\":\"La Coupole\",\"description\":\"\",\"potentialAction\":[{\"@type\":\"SearchAction\",\"target\":{\"@type\":\"EntryPoint\",\"urlTemplate\":\"https:\/\/lacoupole-france.com\/nl\/?s={search_term_string}\"},\"query-input\":\"required name=search_term_string\"}],\"inLanguage\":\"nl-NL\"}]}<\/script>\n<!-- \/ Yoast SEO plugin. -->","yoast_head_json":{"title":"Het 3D-Planetarium van la coupole - La Coupole","description":"D\u00e9couvrez le Plan\u00e9tarium 3D abrit\u00e9 \u00e0 La Coupole. Explorez les merveilles de l'Univers et plongez dans une totale immersion.","robots":{"index":"index","follow":"follow","max-snippet":"max-snippet:-1","max-image-preview":"max-image-preview:large","max-video-preview":"max-video-preview:-1"},"canonical":"https:\/\/lacoupole-france.com\/nl\/het-3d-planetarium-van-la-coupole\/","og_locale":"nl_NL","og_type":"article","og_title":"Het 3D-Planetarium van la coupole - La Coupole","og_description":"D\u00e9couvrez le Plan\u00e9tarium 3D abrit\u00e9 \u00e0 La Coupole. Explorez les merveilles de l'Univers et plongez dans une totale immersion.","og_url":"https:\/\/lacoupole-france.com\/nl\/het-3d-planetarium-van-la-coupole\/","og_site_name":"La Coupole","article_modified_time":"2023-08-17T13:01:24+00:00","twitter_card":"summary_large_image","schema":{"@context":"https:\/\/schema.org","@graph":[{"@type":"WebPage","@id":"https:\/\/lacoupole-france.com\/nl\/het-3d-planetarium-van-la-coupole\/","url":"https:\/\/lacoupole-france.com\/nl\/het-3d-planetarium-van-la-coupole\/","name":"Het 3D-Planetarium van la coupole - La Coupole","isPartOf":{"@id":"https:\/\/lacoupole-france.com\/nl\/#website"},"datePublished":"2021-04-16T08:48:39+00:00","dateModified":"2023-08-17T13:01:24+00:00","description":"D\u00e9couvrez le Plan\u00e9tarium 3D abrit\u00e9 \u00e0 La Coupole. Explorez les merveilles de l'Univers et plongez dans une totale immersion.","breadcrumb":{"@id":"https:\/\/lacoupole-france.com\/nl\/het-3d-planetarium-van-la-coupole\/#breadcrumb"},"inLanguage":"nl-NL","potentialAction":[{"@type":"ReadAction","target":["https:\/\/lacoupole-france.com\/nl\/het-3d-planetarium-van-la-coupole\/"]}]},{"@type":"BreadcrumbList","@id":"https:\/\/lacoupole-france.com\/nl\/het-3d-planetarium-van-la-coupole\/#breadcrumb","itemListElement":[{"@type":"ListItem","position":1,"name":"Accueil","item":"https:\/\/lacoupole-france.com\/nl\/"},{"@type":"ListItem","position":2,"name":"Het 3D-Planetarium van la coupole"}]},{"@type":"WebSite","@id":"https:\/\/lacoupole-france.com\/nl\/#website","url":"https:\/\/lacoupole-france.com\/nl\/","name":"La Coupole","description":"","potentialAction":[{"@type":"SearchAction","target":{"@type":"EntryPoint","urlTemplate":"https:\/\/lacoupole-france.com\/nl\/?s={search_term_string}"},"query-input":"required name=search_term_string"}],"inLanguage":"nl-NL"}]}},"ticketed":false,"_links":{"self":[{"href":"https:\/\/lacoupole-france.com\/nl\/wp-json\/wp\/v2\/pages\/20415"}],"collection":[{"href":"https:\/\/lacoupole-france.com\/nl\/wp-json\/wp\/v2\/pages"}],"about":[{"href":"https:\/\/lacoupole-france.com\/nl\/wp-json\/wp\/v2\/types\/page"}],"author":[{"embeddable":true,"href":"https:\/\/lacoupole-france.com\/nl\/wp-json\/wp\/v2\/users\/7"}],"replies":[{"embeddable":true,"href":"https:\/\/lacoupole-france.com\/nl\/wp-json\/wp\/v2\/comments?post=20415"}],"version-history":[{"count":15,"href":"https:\/\/lacoupole-france.com\/nl\/wp-json\/wp\/v2\/pages\/20415\/revisions"}],"predecessor-version":[{"id":23486,"href":"https:\/\/lacoupole-france.com\/nl\/wp-json\/wp\/v2\/pages\/20415\/revisions\/23486"}],"wp:attachment":[{"href":"https:\/\/lacoupole-france.com\/nl\/wp-json\/wp\/v2\/media?parent=20415"}],"curies":[{"name":"wp","href":"https:\/\/api.w.org\/{rel}","templated":true}]}}