{"id":20525,"date":"2023-04-19T15:37:54","date_gmt":"2023-04-19T13:37:54","guid":{"rendered":"https:\/\/lacoupole-france.com\/?page_id=20525"},"modified":"2023-05-04T17:44:06","modified_gmt":"2023-05-04T15:44:06","slug":"mecenaat","status":"publish","type":"page","link":"https:\/\/lacoupole-france.com\/nl\/onze-partnerschappen\/mecenaat\/","title":{"rendered":"MECENAAT"},"content":{"rendered":"\r\n    \r\n    <section class=\"header-content mb-5\" style=\"background-image: url('https:\/\/lacoupole-france.com\/wp-content\/uploads\/2022\/03\/header-scaled.jpg');\">\r\n\r\n                    <div class=\"title-main \">\r\n                <h1 class=\"title1\">MECENAAT<\/h1>\r\n                            <\/div>\r\n        \r\n\r\n        \r\n        \r\n            <\/section>\r\n\r\n\n\n\r\n    \r\n\r\n\r\n            <section class=\"bloc-contenu-image right\">\r\n            <div class=\"container\">\r\n\r\n                                    <div class=\"row zone-image\">\r\n                        <div class=\"col-lg-7\">\r\n                            <div class=\"img-mise-en-avant\" style=\"background-image:url(https:\/\/lacoupole-france.com\/wp-content\/uploads\/2022\/03\/livredes9000.jpg)\"><\/div>\r\n                                                                            <\/div>\r\n                        <div class=\"col-lg-5\">\r\n\r\n                            \r\n                                                            <div class=\"paragraphe\" style='margin-top:40px'>\r\n                                    <h2><strong>Een missie: het werk van de herinnering<\/strong><\/h2>\n<p><span style=\"font-weight: 400;\">Door de inhoud zelf van de scenografie, de oprichting van een archief (waarvan een deel kan worden geraadpleegd in het Resource Centre), de organisatie van symposia en tijdelijke tentoonstellingen.<\/span><\/p>\n<p><span style=\"font-weight: 400;\">La Coupole heeft ook, samen met Cherche Midi \u00e9diteur, het <a href=\"https:\/\/lacoupole-france.com\/centre-de-ressources-et-de-recherches\/le-livre-des-9000-deportes-de-france-a-mittelbau-dora\/\">Livre des 9.000\u00a0d\u00e9port\u00e9s de France \u00e0 Mittelbau-Dora<\/a> uitgegeven. Dit boek, het resultaat van bijna twee decennia onderzoek, zet de geschiedenis van een heel deel van de Deportatie op papier.<\/span><\/p>\n<p>&nbsp;<\/p>\n<h2><strong>Een missie van wetenschappelijke cultuur<\/strong><\/h2>\n<p><span style=\"font-weight: 400;\">Met het 3D-Planetarium, tentoonstellingen en evenementen gewijd aan ruimtevaart en kennis van het heelal.<\/span><\/p>\n                                <\/div>\r\n                                                            \r\n\r\n                        <\/div>\r\n                                            <\/div>\r\n\r\n        <\/section>\r\n    \r\n\n\n\r\n    \r\n\r\n\r\n            <section class=\"bloc-contenu-image left\">\r\n            <div class=\"container\">\r\n                                    <div class=\"row zone-image\">\r\n                        <div class=\"col-lg-5 zone-image__col\">\r\n                            \r\n                                                            <div class=\"paragraphe\" style='margin-top:40px'>\r\n                                    <h2><strong>Een educatieve missie<\/strong><\/h2>\n<p><span style=\"font-weight: 400;\">Op het kruispunt van Geschiedenis en Wetenschap kan onze onderwijsafdeling elk jaar een groot aantal activiteiten voor leerlingen en leraren organiseren. Elk jaar verwelkomt La Coupole tienduizenden leerlingen uit de regio en daarbuiten, waardoor het een must is voor scholen in de Hauts-de-France.<\/span><\/p>\n<p>&nbsp;<\/p>\n<h2><strong>Een burgerlijke missie<\/strong><\/h2>\n<p><span style=\"font-weight: 400;\">Via de fundamentele waarden die een goed samenleven kenmerken, wil <\/span><i><span style=\"font-weight: 400;\">La Coupole<\/span><\/i><span style=\"font-weight: 400;\"> resoluut deelnemen aan de verdediging van de democratische en republikeinse beginselen, door een informatie- en bewustmakingscentrum voor onderwijs en burgerschap te bieden.<\/span><\/p>\n                                                                    <\/div>\r\n                            \r\n                        <\/div>\r\n                        <div class=\"col-lg-7\">\r\n                                                            <div class=\"img-mise-en-avant\" style=\"background-image:url(https:\/\/lacoupole-france.com\/wp-content\/uploads\/2022\/03\/atelierlacoupole.jpg)\"><\/div>\r\n                                                                                    <\/div>\r\n                    <\/div>\r\n                \r\n                \r\n            <\/div>\r\n        <\/section>\r\n    \r\n\n\n\n<div style=\"height:21px\" aria-hidden=\"true\" class=\"wp-block-spacer\"><\/div>\n\n\n\n    <section class=\"bloc-contenu-sous-slider\">\n        <div class=\"container\">\n            <div class=\"row-container\">\n                                        <div class=\"col-lg-12\">\n                                                <div class=\"information-content\">\n                                                            <p><h2><strong>De richtlijnen<\/strong><\/h2>\n<p><span style=\"font-weight: 400;\">Overeenkomstig haar missie wil <\/span><i><span style=\"font-weight: 400;\">La Coupole<\/span><\/i><span style=\"font-weight: 400;\"> een reeks acties op touw zetten om partnerschappen te ontwikkelen met structuren die dezelfde waarden delen.<\/span><\/p>\n<p>&nbsp;<\/p>\n<h2><strong>De doelstellingen<\/strong><\/h2>\n<ul>\n<li><span style=\"font-weight: 400;\">La Coupole ondersteunen in haar werking en missies<\/span><\/li>\n<li><span style=\"font-weight: 400;\">Meewerken aan de verrijking van ons museum<\/span><\/li>\n<li><span style=\"font-weight: 400;\">Onze waarden ondersteunen en delen<\/span><\/li>\n<li><span style=\"font-weight: 400;\">Zin geven aan uw sociaal en maatschappelijk engagement<\/span><\/li>\n<li><span style=\"font-weight: 400;\">Het imago van uw bedrijf associ\u00ebren met een uitzonderlijke culturele en herdenkingsplaats<\/span><\/li>\n<\/ul>\n<\/p>\n                                                    <\/div>\n                        <\/div>\n                                            <\/div>\n            <\/div>\n    <\/section>\n\n\n\n\n<div style=\"height:30px\" aria-hidden=\"true\" class=\"wp-block-spacer\"><\/div>\n\n\n\n    <section class=\"bloc-contenu-orange\">\n        <div class=\"container\">\n            <div class=\"row\">\n                <div class=\"bloc-orange w-100\">\n\n                    <p>&nbsp;<\/p>\n<h2 style=\"text-align: center;\"><strong>Voorbeelden van te ondersteunen projecten in het kader van een mecenaat<\/strong><\/h2>\n<ul>\n<li style=\"text-align: center;\"><span style=\"font-weight: 400;\"> Biografisch woordenboek van verzetsstrijders in de Nord-Pas-de-Calais<\/span><\/li>\n<li style=\"text-align: center;\"><span style=\"font-weight: 400;\"> Aankoop van permanente tentoonstellingselementen<\/span><\/li>\n<li style=\"text-align: center;\"><span style=\"font-weight: 400;\"> Digitalisering van museumruimtes<\/span><\/li>\n<li style=\"text-align: center;\"><span style=\"font-weight: 400;\"> Deelname aan toekomstige tijdelijke tentoonstellingen<\/span><\/li>\n<\/ul>\n<p>&nbsp;<\/p>\n\n                <\/div>\n            <\/div>\n        <\/div>\n    <\/section>\n\n\n\n<div style=\"height:42px\" aria-hidden=\"true\" class=\"wp-block-spacer\"><\/div>\n\n\n<div class=\"wp-block-image is-style-default\">\n<figure class=\"aligncenter size-full\"><img decoding=\"async\" width=\"1024\" height=\"456\" src=\"https:\/\/lacoupole-france.com\/wp-content\/uploads\/2022\/05\/v1_2022_2.png\" alt=\"\" class=\"wp-image-8758\" srcset=\"https:\/\/lacoupole-france.com\/wp-content\/uploads\/2022\/05\/v1_2022_2.png 1024w, https:\/\/lacoupole-france.com\/wp-content\/uploads\/2022\/05\/v1_2022_2-300x134.png 300w, https:\/\/lacoupole-france.com\/wp-content\/uploads\/2022\/05\/v1_2022_2-768x342.png 768w, https:\/\/lacoupole-france.com\/wp-content\/uploads\/2022\/05\/v1_2022_2-600x267.png 600w\" sizes=\"(max-width: 1024px) 100vw, 1024px\" \/><figcaption class=\"wp-element-caption\">Een authentieke V1, aangekocht dankzij het mecenaat, opgenomen in de collecties van het Geschiedeniscentrum ter gelegenheid van zijn 25-jarig bestaan<\/figcaption><\/figure><\/div>\n\n\n    <section class=\"bloc-contenu-orange\">\n        <div class=\"container\">\n            <div class=\"row\">\n                <div class=\"bloc-orange w-100\">\n\n                    <p><span style=\"font-weight: 400;\">Om het aankoop- en restauratieproject van de V1 te steunen door middel van een <strong>online donatie<\/strong> op de website van de Fondation du Patrimoine, <a href=\"https:\/\/www.fondation-patrimoine.org\/les-projets\/missile-v1-la-coupole-wizernes\">klik hier<\/a><\/span><\/p>\n\n                <\/div>\n            <\/div>\n        <\/div>\n    <\/section>\n\n\n\n<div style=\"height:22px\" aria-hidden=\"true\" class=\"wp-block-spacer\"><\/div>\n\n\n\n    <section class=\"bloc-contenu-sous-slider\">\n        <div class=\"container\">\n            <div class=\"row-container\">\n                                        <div class=\"col-lg-12\">\n                                                <div class=\"information-content\">\n                                                            <p><h2><strong>De voordelen van mecenaat<\/strong><\/h2>\n<p><strong>Geniet van bevoorrechte toegang tot onze faciliteiten en evenementen<\/strong><\/p>\n<ul>\n<li><span style=\"font-weight: 400;\">Priv\u00e9rondleidingen in het Geschiedeniscentrum<\/span><\/li>\n<li><span style=\"font-weight: 400;\">Rondleidingen achter de schermen<\/span><\/li>\n<li><span style=\"font-weight: 400;\">Planetariumvoorstellingen (actuele films en previews)<\/span><\/li>\n<li><span style=\"font-weight: 400;\">Uitnodigingen voor al onze evenementen (inhuldigingen, conferenties, voorstellingen, enz.)<\/span><\/li>\n<li><span style=\"font-weight: 400;\">Privatisering van onze ontvangstruimten voor uw professionele evenementen<\/span><\/li>\n<li><span style=\"font-weight: 400;\">Preferenti\u00eble tarieven voor uw werknemers<\/span><\/li>\n<\/ul>\n<h3><strong>Uitstekende zichtbaarheid<\/strong><\/h3>\n<p><span style=\"font-weight: 400;\">Uw steun zal worden gepresenteerd en benadrukt op verschillende communicatiemiddelen zoals de website van La Coupole, onze sociale netwerken, activiteitenprogramma&#8217;s en binnen de structuur. Ter herinnering: <\/span><i><span style=\"font-weight: 400;\">La Coupole<\/span><\/i><span style=\"font-weight: 400;\"> ontvangt jaarlijks meer dan 140.000\u00a0bezoekers.<\/span><\/p>\n<p>&nbsp;<\/p>\n<p><span style=\"font-weight: 400;\">Wij bieden u ook zichtbaarheid op evenementen die profiteren van specifieke communicatie.<\/span><\/p>\n<\/p>\n                                                    <\/div>\n                        <\/div>\n                                            <\/div>\n            <\/div>\n    <\/section>\n\n\n\n\n<div style=\"height:30px\" aria-hidden=\"true\" class=\"wp-block-spacer\"><\/div>\n\n\n\n    <section class=\"bloc-contenu-sous-slider\">\n        <div class=\"container\">\n            <div class=\"row-container\">\n                                        <div class=\"col-lg-12\">\n                                                <div class=\"information-content\">\n                                                            <p><h2><strong>Het zijn mecenassen<\/strong><\/h2>\n<ul>\n<li><span style=\"font-weight: 400;\">De Fondation du Cr\u00e9dit Agricole Hauts-de-France en de <a href=\"https:\/\/fondation-ca-paysdefrance.org\/\">Fondation du Cr\u00e9dit Agricole Pays de France<\/a> steunen ons in het project voor de toekomstige digitale augmented reality-tablet.<\/span><\/li>\n<li><span style=\"font-weight: 400;\">De <a href=\"https:\/\/www.la-france-mutualiste.fr\/qui-sommes-nous\/la-fondation-dentreprise-de-la-france-mutualiste\">Fondation d&#8217;Entreprise de la France Mutualiste<\/a> en de Compagnie Fran\u00e7aise de Chaudronnerie voor de aankoop, levering en installatie van een echte V1 onder de koepel van La Coupole.<\/span><\/li>\n<li><span style=\"font-weight: 400;\">Sony voor de ondersteuning van de nieuwe 3D-schermen van het Planetarium<\/span><\/li>\n<li><span style=\"font-weight: 400;\">Le <a href=\"https:\/\/www.lisez.com\/cherche-midi\/33\">Cherche Midi \u00e9diteur<\/a> voor de publicatie van het boek van de 9.000\u00a0gedeporteerden uit Frankrijk naar Mittelbau-Dora<\/span><\/li>\n<\/ul>\n<\/p>\n                                                    <\/div>\n                        <\/div>\n                                            <\/div>\n            <\/div>\n    <\/section>\n\n\n\n\n<div style=\"height:25px\" aria-hidden=\"true\" class=\"wp-block-spacer\"><\/div>\n\n\n\n    <section class=\"bloc-contenu-orange\">\n        <div class=\"container\">\n            <div class=\"row\">\n                <div class=\"bloc-orange w-100\">\n\n                    <h2 style=\"text-align: center;\"><strong>CONTACT<\/strong><\/h2>\n<p style=\"text-align: center;\"><span style=\"font-weight: 400;\">Mission M\u00e9c\u00e9nat-Partenariats du Conseil d\u00e9partemental du Pas-de-Calais<\/span><\/p>\n<p style=\"text-align: center;\"><span style=\"font-weight: 400;\">Nathalie B\u00e9d\u00e8ne \u2013 E-mail: <strong>bedene.nathalie@pasdecalais.fr<\/strong> \/ Tel: <strong>+33 (0)3 21 21 69 49<\/strong><\/span><\/p>\n<p style=\"text-align: center;\"><span style=\"font-weight: 400;\">G\u00e9raldine Bayarri \u2013 E-mail: <strong>bayarri.geraldine@pasdecalais.fr<\/strong> \/ Tel: <strong>+33 (0)3 21 21 92 43<\/strong><\/span><\/p>\n<p style=\"text-align: center;\"><span style=\"font-weight: 400;\"><a href=\"https:\/\/www.pasdecalais.fr\/Attractivite-du-territoire\/Devenez-mecene-ou-partenaire\">Klik<\/a> hier voor meer informatie over mecenaat<\/span><\/p>\n\n                <\/div>\n            <\/div>\n        <\/div>\n    <\/section>\n","protected":false},"excerpt":{"rendered":"","protected":false},"author":7,"featured_media":0,"parent":20306,"menu_order":73,"comment_status":"closed","ping_status":"closed","template":"","meta":{"_price":"","_stock":"","_tribe_ticket_header":"","_tribe_default_ticket_provider":"","_tribe_ticket_capacity":"0","_ticket_start_date":"","_ticket_end_date":"","_tribe_ticket_show_description":"","_tribe_ticket_show_not_going":false,"_tribe_ticket_use_global_stock":"","_tribe_ticket_global_stock_level":"","_global_stock_mode":"","_global_stock_cap":"","_tribe_rsvp_for_event":"","_tribe_ticket_going_count":"","_tribe_ticket_not_going_count":"","_tribe_tickets_list":"[]","_tribe_ticket_has_attendee_info_fields":false,"footnotes":"","_tec_slr_enabled":"","_tec_slr_layout":""},"acf":[],"yoast_head":"<!-- This site is optimized with the Yoast SEO plugin v21.9.1 - https:\/\/yoast.com\/wordpress\/plugins\/seo\/ -->\n<title>MECENAAT - La Coupole<\/title>\n<meta name=\"robots\" content=\"index, follow, max-snippet:-1, max-image-preview:large, max-video-preview:-1\" \/>\n<link rel=\"canonical\" href=\"https:\/\/lacoupole-france.com\/nl\/onze-partnerschappen\/mecenaat\/\" \/>\n<meta property=\"og:locale\" content=\"nl_NL\" \/>\n<meta property=\"og:type\" content=\"article\" \/>\n<meta property=\"og:title\" content=\"MECENAAT - La Coupole\" \/>\n<meta property=\"og:url\" content=\"https:\/\/lacoupole-france.com\/nl\/onze-partnerschappen\/mecenaat\/\" \/>\n<meta property=\"og:site_name\" content=\"La Coupole\" \/>\n<meta property=\"article:modified_time\" content=\"2023-05-04T15:44:06+00:00\" \/>\n<meta property=\"og:image\" content=\"https:\/\/lacoupole-france.com\/wp-content\/uploads\/2022\/05\/v1_2022_2.png\" \/>\n<meta name=\"twitter:card\" content=\"summary_large_image\" \/>\n<meta name=\"twitter:label1\" content=\"Geschatte leestijd\" \/>\n\t<meta name=\"twitter:data1\" content=\"1 minuut\" \/>\n<script type=\"application\/ld+json\" class=\"yoast-schema-graph\">{\"@context\":\"https:\/\/schema.org\",\"@graph\":[{\"@type\":\"WebPage\",\"@id\":\"https:\/\/lacoupole-france.com\/nl\/onze-partnerschappen\/mecenaat\/\",\"url\":\"https:\/\/lacoupole-france.com\/nl\/onze-partnerschappen\/mecenaat\/\",\"name\":\"MECENAAT - La Coupole\",\"isPartOf\":{\"@id\":\"https:\/\/lacoupole-france.com\/nl\/#website\"},\"datePublished\":\"2023-04-19T13:37:54+00:00\",\"dateModified\":\"2023-05-04T15:44:06+00:00\",\"breadcrumb\":{\"@id\":\"https:\/\/lacoupole-france.com\/nl\/onze-partnerschappen\/mecenaat\/#breadcrumb\"},\"inLanguage\":\"nl-NL\",\"potentialAction\":[{\"@type\":\"ReadAction\",\"target\":[\"https:\/\/lacoupole-france.com\/nl\/onze-partnerschappen\/mecenaat\/\"]}]},{\"@type\":\"BreadcrumbList\",\"@id\":\"https:\/\/lacoupole-france.com\/nl\/onze-partnerschappen\/mecenaat\/#breadcrumb\",\"itemListElement\":[{\"@type\":\"ListItem\",\"position\":1,\"name\":\"Accueil\",\"item\":\"https:\/\/lacoupole-france.com\/nl\/\"},{\"@type\":\"ListItem\",\"position\":2,\"name\":\"Onze partnerschappen\",\"item\":\"https:\/\/lacoupole-france.com\/nl\/onze-partnerschappen\/\"},{\"@type\":\"ListItem\",\"position\":3,\"name\":\"MECENAAT\"}]},{\"@type\":\"WebSite\",\"@id\":\"https:\/\/lacoupole-france.com\/nl\/#website\",\"url\":\"https:\/\/lacoupole-france.com\/nl\/\",\"name\":\"La Coupole\",\"description\":\"\",\"potentialAction\":[{\"@type\":\"SearchAction\",\"target\":{\"@type\":\"EntryPoint\",\"urlTemplate\":\"https:\/\/lacoupole-france.com\/nl\/?s={search_term_string}\"},\"query-input\":\"required name=search_term_string\"}],\"inLanguage\":\"nl-NL\"}]}<\/script>\n<!-- \/ Yoast SEO plugin. -->","yoast_head_json":{"title":"MECENAAT - La Coupole","robots":{"index":"index","follow":"follow","max-snippet":"max-snippet:-1","max-image-preview":"max-image-preview:large","max-video-preview":"max-video-preview:-1"},"canonical":"https:\/\/lacoupole-france.com\/nl\/onze-partnerschappen\/mecenaat\/","og_locale":"nl_NL","og_type":"article","og_title":"MECENAAT - La Coupole","og_url":"https:\/\/lacoupole-france.com\/nl\/onze-partnerschappen\/mecenaat\/","og_site_name":"La Coupole","article_modified_time":"2023-05-04T15:44:06+00:00","og_image":[{"url":"https:\/\/lacoupole-france.com\/wp-content\/uploads\/2022\/05\/v1_2022_2.png"}],"twitter_card":"summary_large_image","twitter_misc":{"Geschatte leestijd":"1 minuut"},"schema":{"@context":"https:\/\/schema.org","@graph":[{"@type":"WebPage","@id":"https:\/\/lacoupole-france.com\/nl\/onze-partnerschappen\/mecenaat\/","url":"https:\/\/lacoupole-france.com\/nl\/onze-partnerschappen\/mecenaat\/","name":"MECENAAT - La Coupole","isPartOf":{"@id":"https:\/\/lacoupole-france.com\/nl\/#website"},"datePublished":"2023-04-19T13:37:54+00:00","dateModified":"2023-05-04T15:44:06+00:00","breadcrumb":{"@id":"https:\/\/lacoupole-france.com\/nl\/onze-partnerschappen\/mecenaat\/#breadcrumb"},"inLanguage":"nl-NL","potentialAction":[{"@type":"ReadAction","target":["https:\/\/lacoupole-france.com\/nl\/onze-partnerschappen\/mecenaat\/"]}]},{"@type":"BreadcrumbList","@id":"https:\/\/lacoupole-france.com\/nl\/onze-partnerschappen\/mecenaat\/#breadcrumb","itemListElement":[{"@type":"ListItem","position":1,"name":"Accueil","item":"https:\/\/lacoupole-france.com\/nl\/"},{"@type":"ListItem","position":2,"name":"Onze partnerschappen","item":"https:\/\/lacoupole-france.com\/nl\/onze-partnerschappen\/"},{"@type":"ListItem","position":3,"name":"MECENAAT"}]},{"@type":"WebSite","@id":"https:\/\/lacoupole-france.com\/nl\/#website","url":"https:\/\/lacoupole-france.com\/nl\/","name":"La Coupole","description":"","potentialAction":[{"@type":"SearchAction","target":{"@type":"EntryPoint","urlTemplate":"https:\/\/lacoupole-france.com\/nl\/?s={search_term_string}"},"query-input":"required name=search_term_string"}],"inLanguage":"nl-NL"}]}},"ticketed":false,"_links":{"self":[{"href":"https:\/\/lacoupole-france.com\/nl\/wp-json\/wp\/v2\/pages\/20525"}],"collection":[{"href":"https:\/\/lacoupole-france.com\/nl\/wp-json\/wp\/v2\/pages"}],"about":[{"href":"https:\/\/lacoupole-france.com\/nl\/wp-json\/wp\/v2\/types\/page"}],"author":[{"embeddable":true,"href":"https:\/\/lacoupole-france.com\/nl\/wp-json\/wp\/v2\/users\/7"}],"replies":[{"embeddable":true,"href":"https:\/\/lacoupole-france.com\/nl\/wp-json\/wp\/v2\/comments?post=20525"}],"version-history":[{"count":6,"href":"https:\/\/lacoupole-france.com\/nl\/wp-json\/wp\/v2\/pages\/20525\/revisions"}],"predecessor-version":[{"id":22614,"href":"https:\/\/lacoupole-france.com\/nl\/wp-json\/wp\/v2\/pages\/20525\/revisions\/22614"}],"up":[{"embeddable":true,"href":"https:\/\/lacoupole-france.com\/nl\/wp-json\/wp\/v2\/pages\/20306"}],"wp:attachment":[{"href":"https:\/\/lacoupole-france.com\/nl\/wp-json\/wp\/v2\/media?parent=20525"}],"curies":[{"name":"wp","href":"https:\/\/api.w.org\/{rel}","templated":true}]}}