{"id":22815,"date":"2021-04-22T11:41:36","date_gmt":"2021-04-22T09:41:36","guid":{"rendered":"https:\/\/lacoupole-france.com\/?page_id=22815"},"modified":"2023-07-27T14:02:22","modified_gmt":"2023-07-27T12:02:22","slug":"juridisch-advies","status":"publish","type":"page","link":"https:\/\/lacoupole-france.com\/nl\/juridisch-advies\/","title":{"rendered":"Juridisch Advies"},"content":{"rendered":"<div class=\"wp-block-paragraph wp-block\"><div class=\"container\">\n<p><\/p>\n<\/div><\/div>\n\n<div class=\"wp-block-paragraph wp-block\"><div class=\"container\">\n<p><\/p>\n<\/div><\/div>\n\n<div class=\"wp-block-paragraph wp-block\"><div class=\"container\">\n<p><\/p>\n<\/div><\/div>\n\n\n<div style=\"height:115px\" aria-hidden=\"true\" class=\"wp-block-spacer\"><\/div>\n\n\n<div class=\"wp-block-heading wp-block\"><div class=\"container\">\n<h2 class=\"wp-block-heading\">JURIDISCH ADVIES<\/h2>\n<\/div><\/div>\n\n<div class=\"wp-block-paragraph wp-block\"><div class=\"container\">\n<p>Door de pagina&#8217;s van deze site te bekijken, erkent de internetgebruiker de aansprakelijkheidsbeperkingen en de gebruiksvoorwaarden te hebben gelezen en aanvaard. Het EPCC <em>La Coupole<\/em>, Geschiedeniscentrum en 3D-Planetarium kan niet aansprakelijk worden gesteld voor eventuele moeilijkheden bij de verbinding met het internetnetwerk of bij het bekijken van de pagina&#8217;s van de site. De internetgebruiker erkent met name op de hoogte te zijn van de verschillen in interpretatie van internetpagina&#8217;s door de verschillende browsers die op de markt beschikbaar zijn.<\/p>\n<\/div><\/div>\n\n<div class=\"wp-block-paragraph wp-block\"><div class=\"container\">\n<p><strong>Uitgever<\/strong><\/p>\n<\/div><\/div>\n\n<div class=\"wp-block-paragraph wp-block\"><div class=\"container\">\n<p>EPCC de La Coupole, Centre d\u2019Histoire et Plan\u00e9tarium 3D<\/p>\n<\/div><\/div>\n\n<div class=\"wp-block-paragraph wp-block\"><div class=\"container\">\n<p>Vestigingsnr.: 200 002 137 00012<\/p>\n<\/div><\/div>\n\n<div class=\"wp-block-paragraph wp-block\"><div class=\"container\">\n<p>APE-code: 8412Z<\/p>\n<\/div><\/div>\n\n<div class=\"wp-block-paragraph wp-block\"><div class=\"container\">\n<p>Intracommunautair BTW-nummer: FR22200002137<\/p>\n<\/div><\/div>\n\n<div class=\"wp-block-paragraph wp-block\"><div class=\"container\">\n<p>Geografisch adres: rue Andr\u00e9 Clabaux (D 210) \u2013 62570 Wizernes<\/p>\n<\/div><\/div>\n\n<div class=\"wp-block-paragraph wp-block\"><div class=\"container\">\n<p>Postadres: CS 40284 \u2013 62504 Saint-Omer cedex<\/p>\n<\/div><\/div>\n\n<div class=\"wp-block-paragraph wp-block\"><div class=\"container\">\n<p>Telefoon: +33 (0)3 21 12 27 27<\/p>\n<\/div><\/div>\n\n<div class=\"wp-block-paragraph wp-block\"><div class=\"container\">\n<p>Fax: +33 (0)3 21 39 21 45<\/p>\n<\/div><\/div>\n\n<div class=\"wp-block-paragraph wp-block\"><div class=\"container\">\n<p>Directie en beheer van de publicatie<\/p>\n<\/div><\/div>\n\n<div class=\"wp-block-paragraph wp-block\"><div class=\"container\">\n<p>Directeur van de publicatie: Philippe Queste, directeur van het EPCC <em>La Coupole<\/em><\/p>\n<\/div><\/div>\n\n<div class=\"wp-block-paragraph wp-block\"><div class=\"container\">\n<p>Redactie en animatie van de website: Communicatieafdeling van de EPCC <em>La Coupole<\/em><\/p>\n<\/div><\/div>\n\n<div class=\"wp-block-paragraph wp-block\"><div class=\"container\">\n<p>Concept, ontwerp en technische ontwikkelingen<\/p>\n<\/div><\/div>\n\n<div class=\"wp-block-paragraph wp-block\"><div class=\"container\">\n<p>14u28<\/p>\n<\/div><\/div>\n\n<div class=\"wp-block-paragraph wp-block\"><div class=\"container\">\n<p>Hoofdkantoor: 202, rue Jean Jaur\u00e8s 59491 Villeneuve d\u2019Ascq<\/p>\n<\/div><\/div>\n\n<div class=\"wp-block-paragraph wp-block\"><div class=\"container\">\n<p>Vestigingsnr.: 438 157 679 00053<\/p>\n<\/div><\/div>\n\n<div class=\"wp-block-paragraph wp-block\"><div class=\"container\">\n<p>APE-code: 7311Z<\/p>\n<\/div><\/div>\n\n<div class=\"wp-block-paragraph wp-block\"><div class=\"container\">\n<p>Intracommunautair BTW-nummer: FR53438157679<\/p>\n<\/div><\/div>\n\n<div class=\"wp-block-paragraph wp-block\"><div class=\"container\">\n<p>Telefoon: +33 (0)3 20 30 01 00<\/p>\n<\/div><\/div>\n\n<div class=\"wp-block-paragraph wp-block\"><div class=\"container\">\n<p>Website: www.14h28.com<\/p>\n<\/div><\/div>\n\n<div class=\"wp-block-paragraph wp-block\"><div class=\"container\">\n<p><strong>Host<\/strong><\/p>\n<\/div><\/div>\n\n<div class=\"wp-block-paragraph wp-block\"><div class=\"container\">\n<p>SAS Nexylan<\/p>\n<\/div><\/div>\n\n<div class=\"wp-block-paragraph wp-block\"><div class=\"container\">\n<p>Hoofdkantoor: 274 ter, avenue de la Marne 59700 Marcq-en-Bar\u0153ul<\/p>\n<\/div><\/div>\n\n<div class=\"wp-block-paragraph wp-block\"><div class=\"container\">\n<p>Vestigingsnr.: 517 884 722 00037<\/p>\n<\/div><\/div>\n\n<div class=\"wp-block-paragraph wp-block\"><div class=\"container\">\n<p>APE-code: 6311Z<\/p>\n<\/div><\/div>\n\n<div class=\"wp-block-paragraph wp-block\"><div class=\"container\">\n<p>Intracommunautair BTW-nummer: FR37517884722<\/p>\n<\/div><\/div>\n\n<div class=\"wp-block-paragraph wp-block\"><div class=\"container\">\n<p>Telefoon: +33 (0)3 66 72 15 72<\/p>\n<\/div><\/div>\n\n<div class=\"wp-block-paragraph wp-block\"><div class=\"container\">\n<p>Website: www.nexylan.com<\/p>\n<\/div><\/div>\n\n<div class=\"wp-block-paragraph wp-block\"><div class=\"container\">\n<p><strong>Intellectuele eigendom en fotocredits<\/strong><\/p>\n<\/div><\/div>\n\n<div class=\"wp-block-paragraph wp-block\"><div class=\"container\">\n<p>Alle op deze site gepresenteerde elementen zoals teksten, grafieken, foto&#8217;s, illustraties, geluiden en video&#8217;s zijn beschermd door de wet op de intellectuele eigendom. Hun reproductie, weergave, wijziging, publicatie of aanpassing, ongeacht het gebruikte middel of proced\u00e9, is verboden zonder voorafgaande schriftelijke toestemming van het EPCC La Coupole.<\/p>\n<\/div><\/div>\n\n<div class=\"wp-block-paragraph wp-block\"><div class=\"container\">\n<p>De gedeeltelijke of volledige exploitatie van de site of van \u00e9\u00e9n van zijn elementen zal dus worden beschouwd als een inbreuk en zal worden vervolgd overeenkomstig de bepalingen van de artikelen&nbsp;L.335-2 en volgende van de wet op de intellectuele eigendom.<\/p>\n<\/div><\/div>\n\n<div class=\"wp-block-paragraph wp-block\"><div class=\"container\">\n<p>Fotografische kredieten:&nbsp;<\/p>\n<\/div><\/div>\n\n<div class=\"wp-block-paragraph wp-block\"><div class=\"container\">\n<p><strong>Hyperlinks<\/strong><\/p>\n<\/div><\/div>\n\n<div class=\"wp-block-paragraph wp-block\"><div class=\"container\">\n<p>De EPCC La Coupole geeft toestemming aan elke website om een hyperlink te maken naar het adres www.lacoupole-france.com. Deze toestemming geldt niet voor websites die informatie verspreiden van illegale, gewelddadige, polemische, pornografische, xenofobe, racistische of antisemitische aard of die in hogere mate de gevoeligheid van het grote publiek kunnen aantasten. In het kader van deze machtiging behouden wij ons het recht voor bezwaar te maken.<\/p>\n<\/div><\/div>\n\n<div class=\"wp-block-paragraph wp-block\"><div class=\"container\">\n<p><strong>Verantwoordelijkheid<\/strong><\/p>\n<\/div><\/div>\n\n<div class=\"wp-block-paragraph wp-block\"><div class=\"container\">\n<p>De EPCC <em>La Coupole<\/em> stelt alles in het werk om naar best vermogen de juistheid en de actualiteit van de op deze site gepubliceerde informatie te verzekeren, waarvan zij zich het recht voorbehoudt om de inhoud op elk moment en zonder voorafgaande kennisgeving te corrigeren.<\/p>\n<\/div><\/div>\n\n<div class=\"wp-block-paragraph wp-block\"><div class=\"container\">\n<p>Het EPCC <em>La Coupole<\/em> kan echter de juistheid, precisie en volledigheid van de op deze site ter beschikking gestelde informatie niet garanderen.<\/p>\n<\/div><\/div>\n\n<div class=\"wp-block-paragraph wp-block\"><div class=\"container\">\n<p>Bijgevolg wijst EPCC <em>La Coupole<\/em> alle verantwoordelijkheid af:<\/p>\n<\/div><\/div>\n\n<div class=\"wp-block-paragraph wp-block\"><div class=\"container\">\n<p>&#8211; Voor elke onderbreking van de site<\/p>\n<\/div><\/div>\n\n<div class=\"wp-block-paragraph wp-block\"><div class=\"container\">\n<p>&#8211; Voor het optreden van bugs<\/p>\n<\/div><\/div>\n\n<div class=\"wp-block-paragraph wp-block\"><div class=\"container\">\n<p>&#8211; Voor elke onnauwkeurigheid of weglating van de op de site beschikbare informatie<\/p>\n<\/div><\/div>\n\n<div class=\"wp-block-paragraph wp-block\"><div class=\"container\">\n<p>&#8211; Voor schade als gevolg van frauduleuze indringing door een derde die leidt tot een wijziging van de op deze site beschikbare informatie.<\/p>\n<\/div><\/div>\n\n<div class=\"wp-block-paragraph wp-block\"><div class=\"container\">\n<p><strong>Persoonlijke gegevens<\/strong><\/p>\n<\/div><\/div>\n\n<div class=\"wp-block-paragraph wp-block\"><div class=\"container\">\n<p>Tijdens uw bezoek aan deze site kan u gevraagd worden persoonlijke informatie over uzelf in te voeren (naam, voornaam, e-mailadres, enz.). Wij informeren u dat deze via een formulier of anderszins verzamelde gegevens in geen geval, gratis of tegen betaling, worden doorgegeven aan derden, hetzij natuurlijke personen, hetzij rechtspersonen. Dankzij deze informatie kunnen wij u beter leren kennen, aan uw behoeften voldoen en u een kwaliteitsservice bieden.<\/p>\n<\/div><\/div>\n\n<div class=\"wp-block-paragraph wp-block\"><div class=\"container\">\n<p>In overeenstemming met de gewijzigde wet van 6&nbsp;januari&nbsp;1978 bekend als &#8220;Informatique et Libert\u00e9s&#8221; en de Europese verordening&nbsp;2016\/679 van 27&nbsp;april&nbsp;2016 bekend als de \u201cAlgemene Verordening Gegevensbescherming\u201d&nbsp;(AVG), heeft u het recht van toegang, ondervraging, verzet, rectificatie, wijziging en verwijdering van gegevens die u betreffen. U kunt dus eisen dat uw gegevens die onjuist, onvolledig, dubbelzinnig of verouderd zijn, worden gecorrigeerd, aangevuld, verduidelijkt, bijgewerkt of verwijderd. Om deze rechten uit te oefenen, stuurt u een verzoek per e-mail naar de functionaris voor gegevensbescherming op lacoupole@lacoupole.com of per post naar Monsieur le D\u00e9l\u00e9gu\u00e9 \u00e0 la Protection des Donn\u00e9es \u2013 La Coupole, Centre d\u2019Histoire et Plan\u00e9tarium 3D \u2013 CS 40284 \u2013 62504 Saint-Omer cedex.<\/p>\n<\/div><\/div>\n\n<div class=\"wp-block-paragraph wp-block\"><div class=\"container\">\n<p>U kunt ook een klacht indienen bij de Commission Nationale Informatique et Libert\u00e9s (CNIL) als u vindt dat u uw rechten op het gebied van gegevensbescherming niet hebt kunnen doen gelden of als u een inbreuk op de regels inzake gegevensbescherming wilt melden.<\/p>\n<\/div><\/div>\n\n<div class=\"wp-block-paragraph wp-block\"><div class=\"container\">\n<p>Deze klacht kan worden ingediend op de website van de CNIL:<\/p>\n<\/div><\/div>\n\n<div class=\"wp-block-paragraph wp-block\"><div class=\"container\">\n<p>&#8211; In bepaalde specifieke gevallen, via de online klachtendienst; In \u201candere gevallen\u201d die niet onder de teledienst vallen, via de dienst &#8220;Hulp nodig&#8221; waarmee u toegang krijgt tot het klachtenformulier onderaan een antwoord op een vraag.<\/p>\n<\/div><\/div>\n\n<div class=\"wp-block-paragraph wp-block\"><div class=\"container\">\n<p>&#8211; Per post door te schrijven naar: CNIL \u2013 Service des Plaintes \u2013 3, place de Fontenoy \u2013 TSA 80715 \u2013 75334 Paris cedex 07.<\/p>\n<\/div><\/div>\n\n<div class=\"wp-block-paragraph wp-block\"><div class=\"container\">\n<p><strong>Cookies<\/strong><\/p>\n<\/div><\/div>\n\n<div class=\"wp-block-paragraph wp-block\"><div class=\"container\">\n<p>Bij het surfen op deze site kunnen \u201ccookies\u201d op de computer van de gebruiker worden ge\u00efnstalleerd. Een &#8220;cookie&#8221; is een klein bestand waarmee de gebruiker niet kan worden ge\u00efdentificeerd, maar dat informatie registreert over de navigatie van een computer op een site. De aldus verkregen gegevens zijn bedoeld om latere navigatie op de site te vergemakkelijken en worden ook gebruikt om het aantal bezoekers van de site te meten.<\/p>\n<\/div><\/div>\n\n<div class=\"wp-block-paragraph wp-block\"><div class=\"container\">\n<p>U kunt de \u201ccookies\u201d te allen tijde geheel of gedeeltelijk deactiveren. Uw browser kan ook worden geconfigureerd om u te informeren over de in uw terminal geplaatste \u201ccookies\u201d en u te vragen deze al dan niet te aanvaarden (per geval of in hun geheel). Wij herinneren u er echter aan dat het deactiveren van alle cookies het gebruik van de site onder normale omstandigheden onmogelijk maakt, met uitzondering van de basisfuncties. Om te weten hoe u dit kunt doen, kunt u de onderstaande sites raadplegen, afhankelijk van uw browsertype (niet-limitatieve lijst): Firefox, Chrome, Explorer, Edge, Safari.<\/p>\n<\/div><\/div>\n\n<div class=\"wp-block-paragraph wp-block\"><div class=\"container\">\n<p>Voor meer informatie over \u201ccookies\u201d kunt u de website van de Commission Nationale Informatique et Libert\u00e9s (CNIL) raadplegen op dit adres: www.cnil.fr\/fr\/site-web-cookies-et-autres-traceurs.<\/p>\n<\/div><\/div>\n\n<div class=\"wp-block-paragraph wp-block\"><div class=\"container\">\n<p><strong>Toepasselijk recht<\/strong><\/p>\n<\/div><\/div>\n\n<div class=\"wp-block-paragraph wp-block\"><div class=\"container\">\n<p>Elk geschil met betrekking tot deze site is onderworpen aan het Franse recht. De rechtbank die bevoegd is om een geschil te beslechten is de rechtbank die bevoegd is verklaard om geschillen met betrekking tot openbare instellingen voor culturele samenwerking te beslechten.<\/p>\n<\/div><\/div>","protected":false},"excerpt":{"rendered":"<p>JURIDISCH ADVIES Door de pagina&#8217;s van deze site te bekijken, erkent de internetgebruiker de aansprakelijkheidsbeperkingen en de gebruiksvoorwaarden te hebben gelezen en aanvaard. Het EPCC La Coupole, Geschiedeniscentrum en 3D-Planetarium [&hellip;]<\/p>\n","protected":false},"author":1,"featured_media":0,"parent":0,"menu_order":102,"comment_status":"closed","ping_status":"closed","template":"","meta":{"_price":"","_stock":"","_tribe_ticket_header":"","_tribe_default_ticket_provider":"","_tribe_ticket_capacity":"0","_ticket_start_date":"","_ticket_end_date":"","_tribe_ticket_show_description":"","_tribe_ticket_show_not_going":false,"_tribe_ticket_use_global_stock":"","_tribe_ticket_global_stock_level":"","_global_stock_mode":"","_global_stock_cap":"","_tribe_rsvp_for_event":"","_tribe_ticket_going_count":"","_tribe_ticket_not_going_count":"","_tribe_tickets_list":"[]","_tribe_ticket_has_attendee_info_fields":false,"footnotes":"","_tec_slr_enabled":"","_tec_slr_layout":""},"acf":[],"yoast_head":"<!-- This site is optimized with the Yoast SEO plugin v21.9.1 - https:\/\/yoast.com\/wordpress\/plugins\/seo\/ -->\n<title>Juridisch Advies - La Coupole<\/title>\n<meta name=\"robots\" content=\"index, follow, max-snippet:-1, max-image-preview:large, max-video-preview:-1\" \/>\n<link rel=\"canonical\" href=\"https:\/\/lacoupole-france.com\/nl\/juridisch-advies\/\" \/>\n<meta property=\"og:locale\" content=\"nl_NL\" \/>\n<meta property=\"og:type\" content=\"article\" \/>\n<meta property=\"og:title\" content=\"Juridisch Advies - La Coupole\" \/>\n<meta property=\"og:description\" content=\"JURIDISCH ADVIES Door de pagina&#8217;s van deze site te bekijken, erkent de internetgebruiker de aansprakelijkheidsbeperkingen en de gebruiksvoorwaarden te hebben gelezen en aanvaard. Het EPCC La Coupole, Geschiedeniscentrum en 3D-Planetarium [&hellip;]\" \/>\n<meta property=\"og:url\" content=\"https:\/\/lacoupole-france.com\/nl\/juridisch-advies\/\" \/>\n<meta property=\"og:site_name\" content=\"La Coupole\" \/>\n<meta property=\"article:modified_time\" content=\"2023-07-27T12:02:22+00:00\" \/>\n<meta name=\"twitter:card\" content=\"summary_large_image\" \/>\n<meta name=\"twitter:label1\" content=\"Geschatte leestijd\" \/>\n\t<meta name=\"twitter:data1\" content=\"6 minuten\" \/>\n<script type=\"application\/ld+json\" class=\"yoast-schema-graph\">{\"@context\":\"https:\/\/schema.org\",\"@graph\":[{\"@type\":\"WebPage\",\"@id\":\"https:\/\/lacoupole-france.com\/nl\/juridisch-advies\/\",\"url\":\"https:\/\/lacoupole-france.com\/nl\/juridisch-advies\/\",\"name\":\"Juridisch Advies - La Coupole\",\"isPartOf\":{\"@id\":\"https:\/\/lacoupole-france.com\/nl\/#website\"},\"datePublished\":\"2021-04-22T09:41:36+00:00\",\"dateModified\":\"2023-07-27T12:02:22+00:00\",\"breadcrumb\":{\"@id\":\"https:\/\/lacoupole-france.com\/nl\/juridisch-advies\/#breadcrumb\"},\"inLanguage\":\"nl-NL\",\"potentialAction\":[{\"@type\":\"ReadAction\",\"target\":[\"https:\/\/lacoupole-france.com\/nl\/juridisch-advies\/\"]}]},{\"@type\":\"BreadcrumbList\",\"@id\":\"https:\/\/lacoupole-france.com\/nl\/juridisch-advies\/#breadcrumb\",\"itemListElement\":[{\"@type\":\"ListItem\",\"position\":1,\"name\":\"Accueil\",\"item\":\"https:\/\/lacoupole-france.com\/nl\/\"},{\"@type\":\"ListItem\",\"position\":2,\"name\":\"Juridisch Advies\"}]},{\"@type\":\"WebSite\",\"@id\":\"https:\/\/lacoupole-france.com\/nl\/#website\",\"url\":\"https:\/\/lacoupole-france.com\/nl\/\",\"name\":\"La Coupole\",\"description\":\"\",\"potentialAction\":[{\"@type\":\"SearchAction\",\"target\":{\"@type\":\"EntryPoint\",\"urlTemplate\":\"https:\/\/lacoupole-france.com\/nl\/?s={search_term_string}\"},\"query-input\":\"required name=search_term_string\"}],\"inLanguage\":\"nl-NL\"}]}<\/script>\n<!-- \/ Yoast SEO plugin. -->","yoast_head_json":{"title":"Juridisch Advies - La Coupole","robots":{"index":"index","follow":"follow","max-snippet":"max-snippet:-1","max-image-preview":"max-image-preview:large","max-video-preview":"max-video-preview:-1"},"canonical":"https:\/\/lacoupole-france.com\/nl\/juridisch-advies\/","og_locale":"nl_NL","og_type":"article","og_title":"Juridisch Advies - La Coupole","og_description":"JURIDISCH ADVIES Door de pagina&#8217;s van deze site te bekijken, erkent de internetgebruiker de aansprakelijkheidsbeperkingen en de gebruiksvoorwaarden te hebben gelezen en aanvaard. Het EPCC La Coupole, Geschiedeniscentrum en 3D-Planetarium [&hellip;]","og_url":"https:\/\/lacoupole-france.com\/nl\/juridisch-advies\/","og_site_name":"La Coupole","article_modified_time":"2023-07-27T12:02:22+00:00","twitter_card":"summary_large_image","twitter_misc":{"Geschatte leestijd":"6 minuten"},"schema":{"@context":"https:\/\/schema.org","@graph":[{"@type":"WebPage","@id":"https:\/\/lacoupole-france.com\/nl\/juridisch-advies\/","url":"https:\/\/lacoupole-france.com\/nl\/juridisch-advies\/","name":"Juridisch Advies - La Coupole","isPartOf":{"@id":"https:\/\/lacoupole-france.com\/nl\/#website"},"datePublished":"2021-04-22T09:41:36+00:00","dateModified":"2023-07-27T12:02:22+00:00","breadcrumb":{"@id":"https:\/\/lacoupole-france.com\/nl\/juridisch-advies\/#breadcrumb"},"inLanguage":"nl-NL","potentialAction":[{"@type":"ReadAction","target":["https:\/\/lacoupole-france.com\/nl\/juridisch-advies\/"]}]},{"@type":"BreadcrumbList","@id":"https:\/\/lacoupole-france.com\/nl\/juridisch-advies\/#breadcrumb","itemListElement":[{"@type":"ListItem","position":1,"name":"Accueil","item":"https:\/\/lacoupole-france.com\/nl\/"},{"@type":"ListItem","position":2,"name":"Juridisch Advies"}]},{"@type":"WebSite","@id":"https:\/\/lacoupole-france.com\/nl\/#website","url":"https:\/\/lacoupole-france.com\/nl\/","name":"La Coupole","description":"","potentialAction":[{"@type":"SearchAction","target":{"@type":"EntryPoint","urlTemplate":"https:\/\/lacoupole-france.com\/nl\/?s={search_term_string}"},"query-input":"required name=search_term_string"}],"inLanguage":"nl-NL"}]}},"ticketed":false,"_links":{"self":[{"href":"https:\/\/lacoupole-france.com\/nl\/wp-json\/wp\/v2\/pages\/22815"}],"collection":[{"href":"https:\/\/lacoupole-france.com\/nl\/wp-json\/wp\/v2\/pages"}],"about":[{"href":"https:\/\/lacoupole-france.com\/nl\/wp-json\/wp\/v2\/types\/page"}],"author":[{"embeddable":true,"href":"https:\/\/lacoupole-france.com\/nl\/wp-json\/wp\/v2\/users\/1"}],"replies":[{"embeddable":true,"href":"https:\/\/lacoupole-france.com\/nl\/wp-json\/wp\/v2\/comments?post=22815"}],"version-history":[{"count":3,"href":"https:\/\/lacoupole-france.com\/nl\/wp-json\/wp\/v2\/pages\/22815\/revisions"}],"predecessor-version":[{"id":22825,"href":"https:\/\/lacoupole-france.com\/nl\/wp-json\/wp\/v2\/pages\/22815\/revisions\/22825"}],"wp:attachment":[{"href":"https:\/\/lacoupole-france.com\/nl\/wp-json\/wp\/v2\/media?parent=22815"}],"curies":[{"name":"wp","href":"https:\/\/api.w.org\/{rel}","templated":true}]}}