{"id":23139,"date":"2021-10-18T15:36:46","date_gmt":"2021-10-18T13:36:46","guid":{"rendered":"https:\/\/lacoupole-france.com\/centre-dhistoire-et-planetarium-3d\/"},"modified":"2023-08-02T15:47:11","modified_gmt":"2023-08-02T13:47:11","slug":"het-geschiedeniscentrum-en-het-3d-planetarium","status":"publish","type":"page","link":"https:\/\/lacoupole-france.com\/nl\/het-geschiedeniscentrum-en-het-3d-planetarium\/","title":{"rendered":"LA COUPOLE, HET GESCHIEDENISCENTRUM EN HET 3D-PLANETARIUM"},"content":{"rendered":"\r\n    \r\n    <section class=\"header-content mb-5\" style=\"background-image: url('https:\/\/lacoupole-france.com\/wp-content\/uploads\/2021\/10\/La-coupole-centre-histoire-et-planetarium-3D-scaled.jpg');\">\r\n\r\n                    <div class=\"title-main \">\r\n                <h1 class=\"title1\">LA COUPOLE, HET GESCHIEDENISCENTRUM EN HET 3D-PLANETARIUM<\/h1>\r\n                            <\/div>\r\n        \r\n\r\n        \r\n        \r\n            <\/section>\r\n\r\n\n\n\n    <section class=\"bloc-contenu-sous-slider\">\n        <div class=\"container\">\n            <div class=\"row-container\">\n                                        <div class=\"col-lg-12\">\n                                                <div class=\"information-content\">\n                                                            <p><p><i><span style=\"font-weight: 400;\">La Coupole<\/span><\/i><span style=\"font-weight: 400;\"> ligt op 5\u00a0km van Saint-Omer (in Pas-de-Calais) en is \u00e9\u00e9n van de indrukwekkendste historische monumenten van de Tweede Wereldoorlog in Europa. Het was de eerste Duitse ondergrondse lanceerbasis voor V2-raketten en werd in 1997 gerehabiliteerd als Centrum voor Geschiedenis en Herinnering. Sinds 2012 is het uitgerust met een informatie- en onderzoekscentrum en een 3D-Planetarium, wat het wetenschappelijke gedeelte compleet maakt.<\/span><\/p>\n<\/p>\n                                                    <\/div>\n                        <\/div>\n                                            <\/div>\n            <\/div>\n    <\/section>\n\n\n\n\r\n    \r\n\r\n\r\n            <section class=\"bloc-contenu-image right\">\r\n            <div class=\"container\">\r\n\r\n                                    <div class=\"row zone-image\">\r\n                        <div class=\"col-lg-7\">\r\n                            <div class=\"img-mise-en-avant\" style=\"background-image:url(https:\/\/lacoupole-france.com\/wp-content\/uploads\/2022\/01\/Dome-ressere.jpeg)\"><\/div>\r\n                                                                            <\/div>\r\n                        <div class=\"col-lg-5\">\r\n\r\n                            \r\n                                                            <div class=\"paragraphe\" style='margin-top:40px'>\r\n                                    <h2><strong><i>La Coupole<\/i>: een historisch monument<\/strong><\/h2>\n<p><span style=\"font-weight: 400;\">De site van La Coupole werd in de herfst van 1943 gebouwd door de Todt-organisatie. De gekozen locatie, in Helfaut, in het noorden van Frankrijk, lag binnen het schootsveld van de 1<\/span><span style=\"font-weight: 400;\">ste<\/span><span style=\"font-weight: 400;\"> raket, de V2, die op Londen was gericht. Deze gigantische ondergrondse bunker, bestaande uit honderden meters gangen, wordt bekroond door een koepel die de voorbereidingsruimte voor het vuren afdekt: een halve bol van gewapend beton met een diameter van 77\u00a0meter en een dikte van 5,5\u00a0meter en een gewicht van 55.000\u00a0ton. De site is nooit operationeel geweest, gehinderd door de massale geallieerde bombardementen en de landing in Normandi\u00eb.<\/span><\/p>\n                                <\/div>\r\n                                                            \r\n\r\n                        <\/div>\r\n                                            <\/div>\r\n\r\n        <\/section>\r\n    \r\n\n\n\r\n    \r\n\r\n\r\n            <section class=\"bloc-contenu-image left\">\r\n            <div class=\"container\">\r\n                                    <div class=\"row zone-image\">\r\n                        <div class=\"col-lg-5 zone-image__col\">\r\n                            \r\n                                                            <div class=\"paragraphe\" style='margin-top:40px'>\r\n                                    <h2><strong><i>La Coupole<\/i>: een centrum van geschiedenis en herinnering<\/strong><\/h2>\n<p><span style=\"font-weight: 400;\">Tegenwoordig herbergt <\/span><i><span style=\"font-weight: 400;\">La Coupole<\/span><\/i><span style=\"font-weight: 400;\"> een Centrum voor Geschiedenis en Herinnering, een ruimte om de historische en wetenschappelijke aspecten van de Tweede Wereldoorlog te begrijpen, van de bezetting tot de verborgen kant van de verovering van de ruimte. Het Centrum vervult ook educatieve taken in samenwerking met het Franse nationale onderwijsstelsel. Naast het doorgeven van informatie op het gebied van herinnering, geschiedenis en wetenschap is La Coupole de drager van humanistische waarden die haar tot een plaats van bezinning, bewustmaking en burgerschapsvorming maken.<\/span><\/p>\n                                                                    <\/div>\r\n                            \r\n                        <\/div>\r\n                        <div class=\"col-lg-7\">\r\n                                                            <div class=\"img-mise-en-avant\" style=\"background-image:url(https:\/\/lacoupole-france.com\/wp-content\/uploads\/2022\/01\/20210223-151736-scaled.jpg)\"><\/div>\r\n                                                                                    <\/div>\r\n                    <\/div>\r\n                \r\n                \r\n            <\/div>\r\n        <\/section>\r\n    \r\n\n\n\r\n    \r\n\r\n\r\n            <section class=\"bloc-contenu-image right\">\r\n            <div class=\"container\">\r\n\r\n                                    <div class=\"row zone-image\">\r\n                        <div class=\"col-lg-7\">\r\n                            <div class=\"img-mise-en-avant\" style=\"background-image:url(https:\/\/lacoupole-france.com\/wp-content\/uploads\/2022\/01\/20210519-104754.jpg)\"><\/div>\r\n                                                                            <\/div>\r\n                        <div class=\"col-lg-5\">\r\n\r\n                            \r\n                                                            <div class=\"paragraphe\" style='margin-top:40px'>\r\n                                    <h2><strong><i>La Coupole<\/i>: een 3D-Planetarium<\/strong><\/h2>\n<p><span style=\"font-weight: 400;\">Op het voormalige lanceercomplex zet het Planetarium van <\/span><i><span style=\"font-weight: 400;\">La Coupole<\/span><\/i><span style=\"font-weight: 400;\"> het thema van de verovering van de ruimte voort en stelt het zich open voor de kennis van het heelal en de huidige toestand ervan. Het is toegankelijk voor alle doelgroepen (gezinnen, scholieren, leraren, studenten en toeristen) met sessies in verschillende talen dankzij audiokoptelefoons. In een 360\u00b0-bubbel met 10k-3D\u00a0lasertechnologie die uniek is in de wereld, biedt het Planetarium van <\/span><i><span style=\"font-weight: 400;\">La Coupole<\/span><\/i><span style=\"font-weight: 400;\"> een totale onderdompeling in de ruimte om de wereld om ons heen beter te begrijpen. In samenwerking met andere wetenschappelijke centra en universiteiten worden er ook talrijke conferenties gehouden.<\/span><\/p>\n                                <\/div>\r\n                                                            \r\n\r\n                        <\/div>\r\n                                            <\/div>\r\n\r\n        <\/section>\r\n    \r\n\n\n\r\n    \r\n\r\n\r\n            <section class=\"bloc-contenu-image left\">\r\n            <div class=\"container\">\r\n                                    <div class=\"row zone-image\">\r\n                        <div class=\"col-lg-5 zone-image__col\">\r\n                            \r\n                                                            <div class=\"paragraphe\" style='margin-top:40px'>\r\n                                    <h2><strong><i>La Coupole<\/i>: Een Middelen- en Onderzoekscentrum<\/strong><\/h2>\n<p><i><span style=\"font-weight: 400;\">La Coupole<\/span><\/i><span style=\"font-weight: 400;\"> beschikt over een Middelen- en Onderzoekscentrum met een leeszaal die toegankelijk is voor iedereen, maar ook voor de families van voormalige gedeporteerden, onderzoekers, docenten en hun studenten. Samen met het Geschiedeniscentrum en het 3D-Planetarium vormt het de derde fundamentele basis van de site. Naast het bewaren, promoten en overdragen van zijn archieven neemt het Middelencentrum actief deel aan projecten die door <\/span><i><span style=\"font-weight: 400;\">La Coupole<\/span><\/i><span style=\"font-weight: 400;\"> worden ge\u00efnitieerd en geleid (publicaties, tentoonstellingen, enz.).<\/span><\/p>\n                                                                    <\/div>\r\n                            \r\n                        <\/div>\r\n                        <div class=\"col-lg-7\">\r\n                                                            <div class=\"img-mise-en-avant\" style=\"background-image:url(https:\/\/lacoupole-france.com\/wp-content\/uploads\/2022\/03\/header-travaux-de-recherches.png)\"><\/div>\r\n                                                                                    <\/div>\r\n                    <\/div>\r\n                \r\n                \r\n            <\/div>\r\n        <\/section>\r\n    \r\n","protected":false},"excerpt":{"rendered":"","protected":false},"author":1,"featured_media":0,"parent":0,"menu_order":62,"comment_status":"closed","ping_status":"closed","template":"","meta":{"_acf_changed":false,"_price":"","_stock":"","_tribe_ticket_header":"","_tribe_default_ticket_provider":"","_tribe_ticket_capacity":"0","_ticket_start_date":"","_ticket_end_date":"","_tribe_ticket_show_description":"","_tribe_ticket_show_not_going":false,"_tribe_ticket_use_global_stock":"","_tribe_ticket_global_stock_level":"","_global_stock_mode":"","_global_stock_cap":"","_tribe_rsvp_for_event":"","_tribe_ticket_going_count":"","_tribe_ticket_not_going_count":"","_tribe_tickets_list":"[]","_tribe_ticket_has_attendee_info_fields":false,"footnotes":"","_tec_slr_enabled":"","_tec_slr_layout":""},"class_list":["post-23139","page","type-page","status-publish","hentry"],"acf":[],"yoast_head":"<!-- This site is optimized with the Yoast SEO plugin v27.4 - https:\/\/yoast.com\/product\/yoast-seo-wordpress\/ -->\n<title>LA COUPOLE, HET GESCHIEDENISCENTRUM EN HET 3D-PLANETARIUM - La Coupole<\/title>\n<meta name=\"description\" content=\"La Coupole regroupe \u00e0 la fois un centre d&#039;Histoire et de M\u00e9moire, un Plan\u00e9tarium 3D mais aussi un centre de Ressources et de Recherches.\" \/>\n<meta name=\"robots\" content=\"index, follow, max-snippet:-1, max-image-preview:large, max-video-preview:-1\" \/>\n<link rel=\"canonical\" href=\"https:\/\/lacoupole-france.com\/nl\/het-geschiedeniscentrum-en-het-3d-planetarium\/\" \/>\n<meta property=\"og:locale\" content=\"nl_NL\" \/>\n<meta property=\"og:type\" content=\"article\" \/>\n<meta property=\"og:title\" content=\"LA COUPOLE, HET GESCHIEDENISCENTRUM EN HET 3D-PLANETARIUM - La Coupole\" \/>\n<meta property=\"og:description\" content=\"La Coupole regroupe \u00e0 la fois un centre d&#039;Histoire et de M\u00e9moire, un Plan\u00e9tarium 3D mais aussi un centre de Ressources et de Recherches.\" \/>\n<meta property=\"og:url\" content=\"https:\/\/lacoupole-france.com\/nl\/het-geschiedeniscentrum-en-het-3d-planetarium\/\" \/>\n<meta property=\"og:site_name\" content=\"La Coupole\" \/>\n<meta property=\"article:modified_time\" content=\"2023-08-02T13:47:11+00:00\" \/>\n<meta name=\"twitter:card\" content=\"summary_large_image\" \/>\n<script type=\"application\/ld+json\" class=\"yoast-schema-graph\">{\"@context\":\"https:\\\/\\\/schema.org\",\"@graph\":[{\"@type\":\"WebPage\",\"@id\":\"https:\\\/\\\/lacoupole-france.com\\\/nl\\\/het-geschiedeniscentrum-en-het-3d-planetarium\\\/\",\"url\":\"https:\\\/\\\/lacoupole-france.com\\\/nl\\\/het-geschiedeniscentrum-en-het-3d-planetarium\\\/\",\"name\":\"LA COUPOLE, HET GESCHIEDENISCENTRUM EN HET 3D-PLANETARIUM - La Coupole\",\"isPartOf\":{\"@id\":\"https:\\\/\\\/lacoupole-france.com\\\/nl\\\/#website\"},\"datePublished\":\"2021-10-18T13:36:46+00:00\",\"dateModified\":\"2023-08-02T13:47:11+00:00\",\"description\":\"La Coupole regroupe \u00e0 la fois un centre d'Histoire et de M\u00e9moire, un Plan\u00e9tarium 3D mais aussi un centre de Ressources et de Recherches.\",\"breadcrumb\":{\"@id\":\"https:\\\/\\\/lacoupole-france.com\\\/nl\\\/het-geschiedeniscentrum-en-het-3d-planetarium\\\/#breadcrumb\"},\"inLanguage\":\"nl-NL\",\"potentialAction\":[{\"@type\":\"ReadAction\",\"target\":[\"https:\\\/\\\/lacoupole-france.com\\\/nl\\\/het-geschiedeniscentrum-en-het-3d-planetarium\\\/\"]}]},{\"@type\":\"BreadcrumbList\",\"@id\":\"https:\\\/\\\/lacoupole-france.com\\\/nl\\\/het-geschiedeniscentrum-en-het-3d-planetarium\\\/#breadcrumb\",\"itemListElement\":[{\"@type\":\"ListItem\",\"position\":1,\"name\":\"Accueil\",\"item\":\"https:\\\/\\\/lacoupole-france.com\\\/nl\\\/\"},{\"@type\":\"ListItem\",\"position\":2,\"name\":\"LA COUPOLE, HET GESCHIEDENISCENTRUM EN HET 3D-PLANETARIUM\"}]},{\"@type\":\"WebSite\",\"@id\":\"https:\\\/\\\/lacoupole-france.com\\\/nl\\\/#website\",\"url\":\"https:\\\/\\\/lacoupole-france.com\\\/nl\\\/\",\"name\":\"La Coupole\",\"description\":\"\",\"potentialAction\":[{\"@type\":\"SearchAction\",\"target\":{\"@type\":\"EntryPoint\",\"urlTemplate\":\"https:\\\/\\\/lacoupole-france.com\\\/nl\\\/?s={search_term_string}\"},\"query-input\":{\"@type\":\"PropertyValueSpecification\",\"valueRequired\":true,\"valueName\":\"search_term_string\"}}],\"inLanguage\":\"nl-NL\"}]}<\/script>\n<!-- \/ Yoast SEO plugin. -->","yoast_head_json":{"title":"LA COUPOLE, HET GESCHIEDENISCENTRUM EN HET 3D-PLANETARIUM - La Coupole","description":"La Coupole regroupe \u00e0 la fois un centre d'Histoire et de M\u00e9moire, un Plan\u00e9tarium 3D mais aussi un centre de Ressources et de Recherches.","robots":{"index":"index","follow":"follow","max-snippet":"max-snippet:-1","max-image-preview":"max-image-preview:large","max-video-preview":"max-video-preview:-1"},"canonical":"https:\/\/lacoupole-france.com\/nl\/het-geschiedeniscentrum-en-het-3d-planetarium\/","og_locale":"nl_NL","og_type":"article","og_title":"LA COUPOLE, HET GESCHIEDENISCENTRUM EN HET 3D-PLANETARIUM - La Coupole","og_description":"La Coupole regroupe \u00e0 la fois un centre d'Histoire et de M\u00e9moire, un Plan\u00e9tarium 3D mais aussi un centre de Ressources et de Recherches.","og_url":"https:\/\/lacoupole-france.com\/nl\/het-geschiedeniscentrum-en-het-3d-planetarium\/","og_site_name":"La Coupole","article_modified_time":"2023-08-02T13:47:11+00:00","twitter_card":"summary_large_image","schema":{"@context":"https:\/\/schema.org","@graph":[{"@type":"WebPage","@id":"https:\/\/lacoupole-france.com\/nl\/het-geschiedeniscentrum-en-het-3d-planetarium\/","url":"https:\/\/lacoupole-france.com\/nl\/het-geschiedeniscentrum-en-het-3d-planetarium\/","name":"LA COUPOLE, HET GESCHIEDENISCENTRUM EN HET 3D-PLANETARIUM - La Coupole","isPartOf":{"@id":"https:\/\/lacoupole-france.com\/nl\/#website"},"datePublished":"2021-10-18T13:36:46+00:00","dateModified":"2023-08-02T13:47:11+00:00","description":"La Coupole regroupe \u00e0 la fois un centre d'Histoire et de M\u00e9moire, un Plan\u00e9tarium 3D mais aussi un centre de Ressources et de Recherches.","breadcrumb":{"@id":"https:\/\/lacoupole-france.com\/nl\/het-geschiedeniscentrum-en-het-3d-planetarium\/#breadcrumb"},"inLanguage":"nl-NL","potentialAction":[{"@type":"ReadAction","target":["https:\/\/lacoupole-france.com\/nl\/het-geschiedeniscentrum-en-het-3d-planetarium\/"]}]},{"@type":"BreadcrumbList","@id":"https:\/\/lacoupole-france.com\/nl\/het-geschiedeniscentrum-en-het-3d-planetarium\/#breadcrumb","itemListElement":[{"@type":"ListItem","position":1,"name":"Accueil","item":"https:\/\/lacoupole-france.com\/nl\/"},{"@type":"ListItem","position":2,"name":"LA COUPOLE, HET GESCHIEDENISCENTRUM EN HET 3D-PLANETARIUM"}]},{"@type":"WebSite","@id":"https:\/\/lacoupole-france.com\/nl\/#website","url":"https:\/\/lacoupole-france.com\/nl\/","name":"La Coupole","description":"","potentialAction":[{"@type":"SearchAction","target":{"@type":"EntryPoint","urlTemplate":"https:\/\/lacoupole-france.com\/nl\/?s={search_term_string}"},"query-input":{"@type":"PropertyValueSpecification","valueRequired":true,"valueName":"search_term_string"}}],"inLanguage":"nl-NL"}]}},"ticketed":false,"_links":{"self":[{"href":"https:\/\/lacoupole-france.com\/nl\/wp-json\/wp\/v2\/pages\/23139","targetHints":{"allow":["GET"]}}],"collection":[{"href":"https:\/\/lacoupole-france.com\/nl\/wp-json\/wp\/v2\/pages"}],"about":[{"href":"https:\/\/lacoupole-france.com\/nl\/wp-json\/wp\/v2\/types\/page"}],"author":[{"embeddable":true,"href":"https:\/\/lacoupole-france.com\/nl\/wp-json\/wp\/v2\/users\/1"}],"replies":[{"embeddable":true,"href":"https:\/\/lacoupole-france.com\/nl\/wp-json\/wp\/v2\/comments?post=23139"}],"version-history":[{"count":5,"href":"https:\/\/lacoupole-france.com\/nl\/wp-json\/wp\/v2\/pages\/23139\/revisions"}],"predecessor-version":[{"id":23305,"href":"https:\/\/lacoupole-france.com\/nl\/wp-json\/wp\/v2\/pages\/23139\/revisions\/23305"}],"wp:attachment":[{"href":"https:\/\/lacoupole-france.com\/nl\/wp-json\/wp\/v2\/media?parent=23139"}],"curies":[{"name":"wp","href":"https:\/\/api.w.org\/{rel}","templated":true}]}}